{"id":854,"date":"2016-06-28T20:29:49","date_gmt":"2016-06-28T18:29:49","guid":{"rendered":"https:\/\/www.tasteofsardinia.it\/?page_id=854"},"modified":"2016-06-30T10:22:08","modified_gmt":"2016-06-30T08:22:08","slug":"acqua-san-martino","status":"publish","type":"page","link":"https:\/\/www.tasteofsardinia.it\/?page_id=854","title":{"rendered":"Acqua San Martino"},"content":{"rendered":"<p><img decoding=\"async\" loading=\"lazy\" class=\"size-full wp-image-856 alignleft\" src=\"https:\/\/www.tasteofsardinia.it\/wp-content\/uploads\/2016\/06\/logo-sanmartino.png\" alt=\"logo-sanmartino\" width=\"172\" height=\"144\" \/><\/p>\n<p>&nbsp;<\/p>\n<div style=\"width: 630px;\" class=\"wp-video\"><!--[if lt IE 9]><script>document.createElement('video');<\/script><![endif]-->\n<video class=\"wp-video-shortcode\" id=\"video-854-1\" width=\"630\" height=\"354\" preload=\"metadata\" controls=\"controls\"><source type=\"video\/mp4\" src=\"http:\/\/www.acquasanmartino.it\/splash\/sm-video.mp4?_=1\" \/><a href=\"http:\/\/www.acquasanmartino.it\/splash\/sm-video.mp4\">http:\/\/www.acquasanmartino.it\/splash\/sm-video.mp4<\/a><\/video><\/div>\n<p class=\"descrizione\" style=\"text-align: left;\">Nel nord-ovest della Sardegna, sull&#8217;altopiano del Coros, nasce l&#8217;Acqua Minerale di San Martino.<br \/>\nQui sono stati rinvenuti siti archeologici tra i pi\u00f9 antichi d&#8217;Europa (XI secolo a.C.) che documentano il culto dell&#8217;acqua presso popolazioni prenuragiche.<\/p>\n<p class=\"descrizione\" style=\"text-align: left;\">Questa forma arcaica di venerazione della sorgente indica che gli antichi abitanti riconoscessero propriet\u00e0 straordinaria a quest&#8217;acqua e che ne preservassero l&#8217;integrit\u00e0 attraverso apposite cerimonie.<\/p>\n<p class=\"descrizione\" style=\"text-align: left;\">Nel II secolo a.C. i Romani, propagatori di una nuova cultura idrologica, intuirono che la qualit\u00e0 dell&#8217;acqua di San Martino fosse tale da giustificare l&#8217;investimento in un condotto di ben 35 chilometri che portasse la preziosa acqua a Porto Torres (la Turris Libyssonis di quei tempi).<\/p>\n<p class=\"descrizione\" style=\"text-align: left;\">La memoria non si perde e con l&#8217;arrivo dei Savoia, nel 1776, si registrarono le prime analisi delle acque, al fine di accertare le caratteristiche chimiche e organiche delle acque di San Martino, in considerazione soprattutto delle propriet\u00e0 che negli anni venivano ad esse attribuite su testi letterari.<\/p>\n<p class=\"descrizione\" style=\"text-align: left;\">Nel 1902, finalmente, nasce il primo impianto di imbottigliamento.<\/p>\n<p class=\"descrizione\" style=\"text-align: left;\">Composizione, gusto, propriet\u00e0 salutari. Un insieme strutturato di tratti somatici formano l&#8217;unicit\u00e0 dell&#8217;Acqua Minerale di San Martino, che alla freschezza cristallina associa la forza dei minerali e la vitalit\u00e0 dell&#8217;effervescenza naturale alla sorgente, dall&#8217;antichit\u00e0 alla contemporaneit\u00e0.<\/p>\n<p class=\"descrizione\" style=\"text-align: left;\">Che lo spettacolo abbia inizio!<\/p>\n<p class=\"descrizione\" style=\"text-align: left;\"><span class=\"descriz-bold\">Lei non scende&#8230; sale!<\/span><br \/>\nSi parte dal suolo, dalla terra dove sgorga la sorgente. Il bacino idrogeologico \u00e8 come la vigna per il vino, l&#8217;acquifero \u00e8 la botte laddove l&#8217;acqua si carica di tutti i suoi pregi idrominerali. La risorsa San Martino nasce dalla frequentazione di rocce vulcaniche in uno spesso plateau antico: il massiccio andesitico di Osilo. Il corredo ionico sale dalle profondit\u00e0 del suolo intatto, portando alla luce la sua dote di eccellenza: la vivacit\u00e0 dell&#8217;effervescenza naturale alla sorgente.<\/p>\n<p class=\"descrizione\" style=\"text-align: left;\"><span class=\"descriz-bold\">Lei non \u00e8 ferma&#8230; \u00e8 viva!<\/span><br \/>\nL&#8217;Acqua di San Martino \u00e8 classificabile come Iperminerale. L&#8217;equilibrio tra i suoi preziosi minerali \u00e8 tale che, oltre ad essere un&#8217;ottima acqua da tavola, pu\u00f2 essere di grande ausilio per la salute. Con il suo contenuto di bicarbonati naturali tra i pi\u00f9 alti al mondo, favorisce la digestione, lasciando una piacevole sensazione di leggerezza a fine pasto.<\/p>\n<p class=\"descrizione\" style=\"text-align: left;\"><span class=\"descriz-bold\">Lei \u00e8 vulcanica ed effervescente&#8230; fino all&#8217;ultima goccia.<\/span><br \/>\nLa presenza di anidride carbonica naturale libera alla sorgente fa s\u00ec che la sua frizzantezza resti costante a lungo. Il perlage fine e persistente \u00e8 uno spettacolo inconfondibile.<\/p>\n<p class=\"descrizione\" style=\"text-align: left;\"><span class=\"descriz-bold\">Lei ti sorprende a ogni sorso&#8230; con quel gusto unico.<\/span><br \/>\nEntusiasma i palati, sorpresi dalle novit\u00e0 sensoriali. Il suo bouquet minerale favorisce la gradevolezza delle pietanze: quando arrivano i cibi, le gradazioni di sapore si esaltano, i profumi si valorizzano mentre i chiaroscuri delle materie prime si distinguono. Rotonda in bocca e appagante, \u00e8 delicata con i sapori forti e sostiene quelli pi\u00f9 leggeri. Ogni sorso \u00e8 uno spettacolo, a casa e fuori casa.<\/p>\n<p class=\"descrizione\" style=\"text-align: left;\">IDENTIT\u00c0<\/p>\n<p class=\"descrizione\" style=\"text-align: left;\">\u00c8 sorprendente parlare di identit\u00e0 per un&#8217;acqua minerale? Ogni acqua minerale \u00e8 diversa dall&#8217;altra, un insieme di fattori ne determina la tipicit\u00e0: luogo di nascita, storia, bacino idrogeologico o acquifero nel sottosuolo e territorio che la circonda in superficie, composizione, gusto, propriet\u00e0 salutari.<\/p>\n<p class=\"descrizione\" style=\"text-align: left;\">Questa \u00e8 la carta di identit\u00e0 della San Martino.<\/p>\n<p class=\"descrizione\" style=\"text-align: left;\">SAN MARTINO SRL LOCALIT\u00c0 SAN MARTINO 07040 CODRONGIANOS (SS) SARDEGNA \u2013 ITALIA<br \/>\n<a href=\"mailto:info@acquasanmartino.it\">INFO@ACQUASANMARTINO.IT<\/a><\/p>\n","protected":false},"excerpt":{"rendered":"<p>&nbsp; http:\/\/www.acquasanmartino.it\/splash\/sm-video.mp4 Nel nord-ovest della Sardegna, sull&#8217;altopiano del Coros, nasce l&#8217;Acqua Minerale di San Martino. Qui sono stati rinvenuti siti archeologici tra i pi\u00f9 antichi d&#8217;Europa (XI secolo a.C.) che documentano il culto dell&#8217;acqua presso popolazioni prenuragiche. Questa forma arcaica di venerazione della sorgente indica che gli antichi abitanti riconoscessero propriet\u00e0 straordinaria a quest&#8217;acqua e<\/p>\n","protected":false},"author":1,"featured_media":0,"parent":324,"menu_order":0,"comment_status":"closed","ping_status":"closed","template":"","meta":{"footnotes":""},"yoast_head":"<!-- This site is optimized with the Yoast SEO plugin v16.7 - https:\/\/yoast.com\/wordpress\/plugins\/seo\/ -->\n<title>Acqua San Martino - TASTE OF SARDINIA - Gusto di Sardegna<\/title>\n<meta name=\"robots\" content=\"index, follow, max-snippet:-1, max-image-preview:large, max-video-preview:-1\" \/>\n<link rel=\"canonical\" href=\"https:\/\/www.tasteofsardinia.it\/?page_id=854\" \/>\n<meta property=\"og:locale\" content=\"it_IT\" \/>\n<meta property=\"og:type\" content=\"article\" \/>\n<meta property=\"og:title\" content=\"Acqua San Martino - TASTE OF SARDINIA - Gusto di Sardegna\" \/>\n<meta property=\"og:description\" content=\"&nbsp; http:\/\/www.acquasanmartino.it\/splash\/sm-video.mp4 Nel nord-ovest della Sardegna, sull&#8217;altopiano del Coros, nasce l&#8217;Acqua Minerale di San Martino. Qui sono stati rinvenuti siti archeologici tra i pi\u00f9 antichi d&#8217;Europa (XI secolo a.C.) che documentano il culto dell&#8217;acqua presso popolazioni prenuragiche. Questa forma arcaica di venerazione della sorgente indica che gli antichi abitanti riconoscessero propriet\u00e0 straordinaria a quest&#8217;acqua e\" \/>\n<meta property=\"og:url\" content=\"https:\/\/www.tasteofsardinia.it\/?page_id=854\" \/>\n<meta property=\"og:site_name\" content=\"TASTE OF SARDINIA - Gusto di Sardegna\" \/>\n<meta property=\"article:modified_time\" content=\"2016-06-30T08:22:08+00:00\" \/>\n<meta property=\"og:image\" content=\"https:\/\/www.tasteofsardinia.it\/wp-content\/uploads\/2016\/06\/logo-sanmartino.png\" \/>\n<meta name=\"twitter:card\" content=\"summary_large_image\" \/>\n<meta name=\"twitter:site\" content=\"@Tasteofsardinia\" \/>\n<meta name=\"twitter:label1\" content=\"Tempo di lettura stimato\" \/>\n\t<meta name=\"twitter:data1\" content=\"3 minuti\" \/>\n<script type=\"application\/ld+json\" class=\"yoast-schema-graph\">{\"@context\":\"https:\/\/schema.org\",\"@graph\":[{\"@type\":\"Organization\",\"@id\":\"https:\/\/www.tasteofsardinia.it\/#organization\",\"name\":\"TASTE O SARDINIA\",\"url\":\"https:\/\/www.tasteofsardinia.it\/\",\"sameAs\":[\"https:\/\/twitter.com\/Tasteofsardinia\"],\"logo\":{\"@type\":\"ImageObject\",\"@id\":\"https:\/\/www.tasteofsardinia.it\/#logo\",\"inLanguage\":\"it-IT\",\"url\":\"https:\/\/www.tasteofsardinia.it\/wp-content\/uploads\/2018\/01\/consegna-logo.png\",\"contentUrl\":\"https:\/\/www.tasteofsardinia.it\/wp-content\/uploads\/2018\/01\/consegna-logo.png\",\"width\":200,\"height\":190,\"caption\":\"TASTE O SARDINIA\"},\"image\":{\"@id\":\"https:\/\/www.tasteofsardinia.it\/#logo\"}},{\"@type\":\"WebSite\",\"@id\":\"https:\/\/www.tasteofsardinia.it\/#website\",\"url\":\"https:\/\/www.tasteofsardinia.it\/\",\"name\":\"TASTE OF SARDINIA - Gusto di Sardegna\",\"description\":\"Promozione del turismo enogastronomico e per la tutela dell&#039;identit\\u00e0 Territoriale dei prodotti agroalimentari e vinicoli. Programmazione e promozione Tours enogastronomici e culturali.  Marchio di Identit\\u00e0 Territoriale Registrazione \\u00ae n. 302016000035074\",\"publisher\":{\"@id\":\"https:\/\/www.tasteofsardinia.it\/#organization\"},\"potentialAction\":[{\"@type\":\"SearchAction\",\"target\":{\"@type\":\"EntryPoint\",\"urlTemplate\":\"https:\/\/www.tasteofsardinia.it\/?s={search_term_string}\"},\"query-input\":\"required name=search_term_string\"}],\"inLanguage\":\"it-IT\"},{\"@type\":\"ImageObject\",\"@id\":\"https:\/\/www.tasteofsardinia.it\/?page_id=854#primaryimage\",\"inLanguage\":\"it-IT\",\"url\":\"https:\/\/www.tasteofsardinia.it\/wp-content\/uploads\/2016\/06\/logo-sanmartino.png\",\"contentUrl\":\"https:\/\/www.tasteofsardinia.it\/wp-content\/uploads\/2016\/06\/logo-sanmartino.png\",\"width\":172,\"height\":144},{\"@type\":\"WebPage\",\"@id\":\"https:\/\/www.tasteofsardinia.it\/?page_id=854#webpage\",\"url\":\"https:\/\/www.tasteofsardinia.it\/?page_id=854\",\"name\":\"Acqua San Martino - TASTE OF SARDINIA - Gusto di Sardegna\",\"isPartOf\":{\"@id\":\"https:\/\/www.tasteofsardinia.it\/#website\"},\"primaryImageOfPage\":{\"@id\":\"https:\/\/www.tasteofsardinia.it\/?page_id=854#primaryimage\"},\"datePublished\":\"2016-06-28T18:29:49+00:00\",\"dateModified\":\"2016-06-30T08:22:08+00:00\",\"breadcrumb\":{\"@id\":\"https:\/\/www.tasteofsardinia.it\/?page_id=854#breadcrumb\"},\"inLanguage\":\"it-IT\",\"potentialAction\":[{\"@type\":\"ReadAction\",\"target\":[\"https:\/\/www.tasteofsardinia.it\/?page_id=854\"]}]},{\"@type\":\"BreadcrumbList\",\"@id\":\"https:\/\/www.tasteofsardinia.it\/?page_id=854#breadcrumb\",\"itemListElement\":[{\"@type\":\"ListItem\",\"position\":1,\"name\":\"Home\",\"item\":\"https:\/\/www.tasteofsardinia.it\/\"},{\"@type\":\"ListItem\",\"position\":2,\"name\":\"PRODOTTI\",\"item\":\"https:\/\/www.tasteofsardinia.it\/?page_id=120\"},{\"@type\":\"ListItem\",\"position\":3,\"name\":\"Bibite e acque\",\"item\":\"https:\/\/www.tasteofsardinia.it\/?page_id=324\"},{\"@type\":\"ListItem\",\"position\":4,\"name\":\"Acqua San Martino\"}]}]}<\/script>\n<!-- \/ Yoast SEO plugin. -->","yoast_head_json":{"title":"Acqua San Martino - TASTE OF SARDINIA - Gusto di Sardegna","robots":{"index":"index","follow":"follow","max-snippet":"max-snippet:-1","max-image-preview":"max-image-preview:large","max-video-preview":"max-video-preview:-1"},"canonical":"https:\/\/www.tasteofsardinia.it\/?page_id=854","og_locale":"it_IT","og_type":"article","og_title":"Acqua San Martino - TASTE OF SARDINIA - Gusto di Sardegna","og_description":"&nbsp; http:\/\/www.acquasanmartino.it\/splash\/sm-video.mp4 Nel nord-ovest della Sardegna, sull&#8217;altopiano del Coros, nasce l&#8217;Acqua Minerale di San Martino. Qui sono stati rinvenuti siti archeologici tra i pi\u00f9 antichi d&#8217;Europa (XI secolo a.C.) che documentano il culto dell&#8217;acqua presso popolazioni prenuragiche. Questa forma arcaica di venerazione della sorgente indica che gli antichi abitanti riconoscessero propriet\u00e0 straordinaria a quest&#8217;acqua e","og_url":"https:\/\/www.tasteofsardinia.it\/?page_id=854","og_site_name":"TASTE OF SARDINIA - Gusto di Sardegna","article_modified_time":"2016-06-30T08:22:08+00:00","og_image":[{"url":"https:\/\/www.tasteofsardinia.it\/wp-content\/uploads\/2016\/06\/logo-sanmartino.png"}],"twitter_card":"summary_large_image","twitter_site":"@Tasteofsardinia","twitter_misc":{"Tempo di lettura stimato":"3 minuti"},"schema":{"@context":"https:\/\/schema.org","@graph":[{"@type":"Organization","@id":"https:\/\/www.tasteofsardinia.it\/#organization","name":"TASTE O SARDINIA","url":"https:\/\/www.tasteofsardinia.it\/","sameAs":["https:\/\/twitter.com\/Tasteofsardinia"],"logo":{"@type":"ImageObject","@id":"https:\/\/www.tasteofsardinia.it\/#logo","inLanguage":"it-IT","url":"https:\/\/www.tasteofsardinia.it\/wp-content\/uploads\/2018\/01\/consegna-logo.png","contentUrl":"https:\/\/www.tasteofsardinia.it\/wp-content\/uploads\/2018\/01\/consegna-logo.png","width":200,"height":190,"caption":"TASTE O SARDINIA"},"image":{"@id":"https:\/\/www.tasteofsardinia.it\/#logo"}},{"@type":"WebSite","@id":"https:\/\/www.tasteofsardinia.it\/#website","url":"https:\/\/www.tasteofsardinia.it\/","name":"TASTE OF SARDINIA - Gusto di Sardegna","description":"Promozione del turismo enogastronomico e per la tutela dell&#039;identit\u00e0 Territoriale dei prodotti agroalimentari e vinicoli. Programmazione e promozione Tours enogastronomici e culturali.  Marchio di Identit\u00e0 Territoriale Registrazione \u00ae n. 302016000035074","publisher":{"@id":"https:\/\/www.tasteofsardinia.it\/#organization"},"potentialAction":[{"@type":"SearchAction","target":{"@type":"EntryPoint","urlTemplate":"https:\/\/www.tasteofsardinia.it\/?s={search_term_string}"},"query-input":"required name=search_term_string"}],"inLanguage":"it-IT"},{"@type":"ImageObject","@id":"https:\/\/www.tasteofsardinia.it\/?page_id=854#primaryimage","inLanguage":"it-IT","url":"https:\/\/www.tasteofsardinia.it\/wp-content\/uploads\/2016\/06\/logo-sanmartino.png","contentUrl":"https:\/\/www.tasteofsardinia.it\/wp-content\/uploads\/2016\/06\/logo-sanmartino.png","width":172,"height":144},{"@type":"WebPage","@id":"https:\/\/www.tasteofsardinia.it\/?page_id=854#webpage","url":"https:\/\/www.tasteofsardinia.it\/?page_id=854","name":"Acqua San Martino - TASTE OF SARDINIA - Gusto di Sardegna","isPartOf":{"@id":"https:\/\/www.tasteofsardinia.it\/#website"},"primaryImageOfPage":{"@id":"https:\/\/www.tasteofsardinia.it\/?page_id=854#primaryimage"},"datePublished":"2016-06-28T18:29:49+00:00","dateModified":"2016-06-30T08:22:08+00:00","breadcrumb":{"@id":"https:\/\/www.tasteofsardinia.it\/?page_id=854#breadcrumb"},"inLanguage":"it-IT","potentialAction":[{"@type":"ReadAction","target":["https:\/\/www.tasteofsardinia.it\/?page_id=854"]}]},{"@type":"BreadcrumbList","@id":"https:\/\/www.tasteofsardinia.it\/?page_id=854#breadcrumb","itemListElement":[{"@type":"ListItem","position":1,"name":"Home","item":"https:\/\/www.tasteofsardinia.it\/"},{"@type":"ListItem","position":2,"name":"PRODOTTI","item":"https:\/\/www.tasteofsardinia.it\/?page_id=120"},{"@type":"ListItem","position":3,"name":"Bibite e acque","item":"https:\/\/www.tasteofsardinia.it\/?page_id=324"},{"@type":"ListItem","position":4,"name":"Acqua San Martino"}]}]}},"_links":{"self":[{"href":"https:\/\/www.tasteofsardinia.it\/index.php?rest_route=\/wp\/v2\/pages\/854"}],"collection":[{"href":"https:\/\/www.tasteofsardinia.it\/index.php?rest_route=\/wp\/v2\/pages"}],"about":[{"href":"https:\/\/www.tasteofsardinia.it\/index.php?rest_route=\/wp\/v2\/types\/page"}],"author":[{"embeddable":true,"href":"https:\/\/www.tasteofsardinia.it\/index.php?rest_route=\/wp\/v2\/users\/1"}],"replies":[{"embeddable":true,"href":"https:\/\/www.tasteofsardinia.it\/index.php?rest_route=%2Fwp%2Fv2%2Fcomments&post=854"}],"version-history":[{"count":6,"href":"https:\/\/www.tasteofsardinia.it\/index.php?rest_route=\/wp\/v2\/pages\/854\/revisions"}],"predecessor-version":[{"id":885,"href":"https:\/\/www.tasteofsardinia.it\/index.php?rest_route=\/wp\/v2\/pages\/854\/revisions\/885"}],"up":[{"embeddable":true,"href":"https:\/\/www.tasteofsardinia.it\/index.php?rest_route=\/wp\/v2\/pages\/324"}],"wp:attachment":[{"href":"https:\/\/www.tasteofsardinia.it\/index.php?rest_route=%2Fwp%2Fv2%2Fmedia&parent=854"}],"curies":[{"name":"wp","href":"https:\/\/api.w.org\/{rel}","templated":true}]}}