{"id":807,"date":"2016-06-23T23:03:47","date_gmt":"2016-06-23T21:03:47","guid":{"rendered":"https:\/\/www.tasteofsardinia.it\/?page_id=807"},"modified":"2016-07-01T23:21:34","modified_gmt":"2016-07-01T21:21:34","slug":"milia-carni-srl","status":"publish","type":"page","link":"https:\/\/www.tasteofsardinia.it\/?page_id=807","title":{"rendered":"Milia carni srl"},"content":{"rendered":"<div id=\"main\">\n<div id=\"mainContent\">\n<div class=\"article-content\">\n<p>Milia e le carni. Da una generazione all\u2019altra, continua il percorso di miglioramento della qualit\u00e0 delle nostre produzioni e di adeguamento alle esigenze di operatori professionali e consumatori.<\/p>\n<p>I nostri valori: il rispetto delle tradizioni locali e del territorio in cui operiamo, del benessere degli animali, alla continua ricerca della migliore qualit\u00e0 delle produzioni con un approccio moderno al mercato\u00a0 in grado di offrire prodotti e servizi al passo con i tempi.<\/p>\n<p>Il territorio ancora ricco e incontaminato in cui operiamo \u00e8 in grado di garantire e offrire naturalmente prodotti salubri e di gusto superiore. La capacit\u00e0 di adattare le nostre produzioni ai gusti ed esigenze del mercato odierno, \u00e8 la ricetta della nostra crescita continua.<\/p>\n<p>Presente da oltre 30 anni nel settore, creata dai fratelli Costantino, Angelino e Salvatore, l\u2019Azienda Milia \u00e8 oggi una delle realt\u00e0 produttive alimentari di maggior rilievo in Sardegna, attiva nei settori dell\u2019allevamento, della produzione e commercializzazione di carni, mangimi, pelli.<\/p>\n<p>L\u2019azienda ha sede a Bortigali, antico borgo agricolo nei pressi di Macomer in provincia di Nuoro.<br \/>\nPossiede una superficie pascolativa di 1.200 ha, alleva e commercializza bovini da carne ingrassati con alimenti prodotti dal mangimificio dello stesso gruppo.<\/p>\n<p>&nbsp;<\/p>\n<p><img decoding=\"async\" loading=\"lazy\" src=\"http:\/\/www.miliasrl.it\/images\/stories\/foto%20azienda-.jpg\" width=\"576\" height=\"238\" border=\"0\" \/><\/p>\n<\/div>\n<\/div>\n<div class=\"cleaner\"><\/div>\n<\/div>\n<div id=\"bottom\"><\/div>\n<div id=\"footer\">\n<div class=\"moduletable\">\n<div id=\"footer\">\n<p><strong>Milia s.r.l.<\/strong> localit\u00e0 &#8220;Tancas de mesu&#8221; 08012 Bortigali (NU) tel 0785\/80469-80072 fax 0785\/80468<\/p>\n<p><a href=\"mailto:info@miliasrl.it\">info@miliasrl.it<\/a>\u00a0 &#8211; \u00a0<a href=\"http:\/\/www.miliasrl.it\">http:\/\/www.miliasrl.it<\/a><\/p>\n<\/div>\n<\/div>\n<\/div>\n","protected":false},"excerpt":{"rendered":"<p>Milia e le carni. Da una generazione all\u2019altra, continua il percorso di miglioramento della qualit\u00e0 delle nostre produzioni e di adeguamento alle esigenze di operatori professionali e consumatori. I nostri valori: il rispetto delle tradizioni locali e del territorio in cui operiamo, del benessere degli animali, alla continua ricerca della migliore qualit\u00e0 delle produzioni con<\/p>\n","protected":false},"author":1,"featured_media":0,"parent":674,"menu_order":0,"comment_status":"closed","ping_status":"closed","template":"","meta":{"footnotes":""},"yoast_head":"<!-- This site is optimized with the Yoast SEO plugin v16.7 - https:\/\/yoast.com\/wordpress\/plugins\/seo\/ -->\n<title>Milia carni srl - TASTE OF SARDINIA - Gusto di Sardegna<\/title>\n<meta name=\"robots\" content=\"index, follow, max-snippet:-1, max-image-preview:large, max-video-preview:-1\" \/>\n<link rel=\"canonical\" href=\"https:\/\/www.tasteofsardinia.it\/?page_id=807\" \/>\n<meta property=\"og:locale\" content=\"it_IT\" \/>\n<meta property=\"og:type\" content=\"article\" \/>\n<meta property=\"og:title\" content=\"Milia carni srl - TASTE OF SARDINIA - Gusto di Sardegna\" \/>\n<meta property=\"og:description\" content=\"Milia e le carni. Da una generazione all\u2019altra, continua il percorso di miglioramento della qualit\u00e0 delle nostre produzioni e di adeguamento alle esigenze di operatori professionali e consumatori. I nostri valori: il rispetto delle tradizioni locali e del territorio in cui operiamo, del benessere degli animali, alla continua ricerca della migliore qualit\u00e0 delle produzioni con\" \/>\n<meta property=\"og:url\" content=\"https:\/\/www.tasteofsardinia.it\/?page_id=807\" \/>\n<meta property=\"og:site_name\" content=\"TASTE OF SARDINIA - Gusto di Sardegna\" \/>\n<meta property=\"article:modified_time\" content=\"2016-07-01T21:21:34+00:00\" \/>\n<meta property=\"og:image\" content=\"http:\/\/www.miliasrl.it\/images\/stories\/foto%20azienda-.jpg\" \/>\n<meta name=\"twitter:card\" content=\"summary_large_image\" \/>\n<meta name=\"twitter:site\" content=\"@Tasteofsardinia\" \/>\n<meta name=\"twitter:label1\" content=\"Tempo di lettura stimato\" \/>\n\t<meta name=\"twitter:data1\" content=\"1 minuto\" \/>\n<script type=\"application\/ld+json\" class=\"yoast-schema-graph\">{\"@context\":\"https:\/\/schema.org\",\"@graph\":[{\"@type\":\"Organization\",\"@id\":\"https:\/\/www.tasteofsardinia.it\/#organization\",\"name\":\"TASTE O SARDINIA\",\"url\":\"https:\/\/www.tasteofsardinia.it\/\",\"sameAs\":[\"https:\/\/twitter.com\/Tasteofsardinia\"],\"logo\":{\"@type\":\"ImageObject\",\"@id\":\"https:\/\/www.tasteofsardinia.it\/#logo\",\"inLanguage\":\"it-IT\",\"url\":\"https:\/\/www.tasteofsardinia.it\/wp-content\/uploads\/2018\/01\/consegna-logo.png\",\"contentUrl\":\"https:\/\/www.tasteofsardinia.it\/wp-content\/uploads\/2018\/01\/consegna-logo.png\",\"width\":200,\"height\":190,\"caption\":\"TASTE O SARDINIA\"},\"image\":{\"@id\":\"https:\/\/www.tasteofsardinia.it\/#logo\"}},{\"@type\":\"WebSite\",\"@id\":\"https:\/\/www.tasteofsardinia.it\/#website\",\"url\":\"https:\/\/www.tasteofsardinia.it\/\",\"name\":\"TASTE OF SARDINIA - Gusto di Sardegna\",\"description\":\"Promozione del turismo enogastronomico e per la tutela dell&#039;identit\\u00e0 Territoriale dei prodotti agroalimentari e vinicoli. Programmazione e promozione Tours enogastronomici e culturali.  Marchio di Identit\\u00e0 Territoriale Registrazione \\u00ae n. 302016000035074\",\"publisher\":{\"@id\":\"https:\/\/www.tasteofsardinia.it\/#organization\"},\"potentialAction\":[{\"@type\":\"SearchAction\",\"target\":{\"@type\":\"EntryPoint\",\"urlTemplate\":\"https:\/\/www.tasteofsardinia.it\/?s={search_term_string}\"},\"query-input\":\"required name=search_term_string\"}],\"inLanguage\":\"it-IT\"},{\"@type\":\"ImageObject\",\"@id\":\"https:\/\/www.tasteofsardinia.it\/?page_id=807#primaryimage\",\"inLanguage\":\"it-IT\",\"url\":\"http:\/\/www.miliasrl.it\/images\/stories\/foto%20azienda-.jpg\",\"contentUrl\":\"http:\/\/www.miliasrl.it\/images\/stories\/foto%20azienda-.jpg\"},{\"@type\":\"WebPage\",\"@id\":\"https:\/\/www.tasteofsardinia.it\/?page_id=807#webpage\",\"url\":\"https:\/\/www.tasteofsardinia.it\/?page_id=807\",\"name\":\"Milia carni srl - TASTE OF SARDINIA - Gusto di Sardegna\",\"isPartOf\":{\"@id\":\"https:\/\/www.tasteofsardinia.it\/#website\"},\"primaryImageOfPage\":{\"@id\":\"https:\/\/www.tasteofsardinia.it\/?page_id=807#primaryimage\"},\"datePublished\":\"2016-06-23T21:03:47+00:00\",\"dateModified\":\"2016-07-01T21:21:34+00:00\",\"breadcrumb\":{\"@id\":\"https:\/\/www.tasteofsardinia.it\/?page_id=807#breadcrumb\"},\"inLanguage\":\"it-IT\",\"potentialAction\":[{\"@type\":\"ReadAction\",\"target\":[\"https:\/\/www.tasteofsardinia.it\/?page_id=807\"]}]},{\"@type\":\"BreadcrumbList\",\"@id\":\"https:\/\/www.tasteofsardinia.it\/?page_id=807#breadcrumb\",\"itemListElement\":[{\"@type\":\"ListItem\",\"position\":1,\"name\":\"Home\",\"item\":\"https:\/\/www.tasteofsardinia.it\/\"},{\"@type\":\"ListItem\",\"position\":2,\"name\":\"Salumifici\",\"item\":\"https:\/\/www.tasteofsardinia.it\/?page_id=674\"},{\"@type\":\"ListItem\",\"position\":3,\"name\":\"Milia carni srl\"}]}]}<\/script>\n<!-- \/ Yoast SEO plugin. -->","yoast_head_json":{"title":"Milia carni srl - TASTE OF SARDINIA - Gusto di Sardegna","robots":{"index":"index","follow":"follow","max-snippet":"max-snippet:-1","max-image-preview":"max-image-preview:large","max-video-preview":"max-video-preview:-1"},"canonical":"https:\/\/www.tasteofsardinia.it\/?page_id=807","og_locale":"it_IT","og_type":"article","og_title":"Milia carni srl - TASTE OF SARDINIA - Gusto di Sardegna","og_description":"Milia e le carni. Da una generazione all\u2019altra, continua il percorso di miglioramento della qualit\u00e0 delle nostre produzioni e di adeguamento alle esigenze di operatori professionali e consumatori. I nostri valori: il rispetto delle tradizioni locali e del territorio in cui operiamo, del benessere degli animali, alla continua ricerca della migliore qualit\u00e0 delle produzioni con","og_url":"https:\/\/www.tasteofsardinia.it\/?page_id=807","og_site_name":"TASTE OF SARDINIA - Gusto di Sardegna","article_modified_time":"2016-07-01T21:21:34+00:00","og_image":[{"url":"http:\/\/www.miliasrl.it\/images\/stories\/foto%20azienda-.jpg"}],"twitter_card":"summary_large_image","twitter_site":"@Tasteofsardinia","twitter_misc":{"Tempo di lettura stimato":"1 minuto"},"schema":{"@context":"https:\/\/schema.org","@graph":[{"@type":"Organization","@id":"https:\/\/www.tasteofsardinia.it\/#organization","name":"TASTE O SARDINIA","url":"https:\/\/www.tasteofsardinia.it\/","sameAs":["https:\/\/twitter.com\/Tasteofsardinia"],"logo":{"@type":"ImageObject","@id":"https:\/\/www.tasteofsardinia.it\/#logo","inLanguage":"it-IT","url":"https:\/\/www.tasteofsardinia.it\/wp-content\/uploads\/2018\/01\/consegna-logo.png","contentUrl":"https:\/\/www.tasteofsardinia.it\/wp-content\/uploads\/2018\/01\/consegna-logo.png","width":200,"height":190,"caption":"TASTE O SARDINIA"},"image":{"@id":"https:\/\/www.tasteofsardinia.it\/#logo"}},{"@type":"WebSite","@id":"https:\/\/www.tasteofsardinia.it\/#website","url":"https:\/\/www.tasteofsardinia.it\/","name":"TASTE OF SARDINIA - Gusto di Sardegna","description":"Promozione del turismo enogastronomico e per la tutela dell&#039;identit\u00e0 Territoriale dei prodotti agroalimentari e vinicoli. Programmazione e promozione Tours enogastronomici e culturali.  Marchio di Identit\u00e0 Territoriale Registrazione \u00ae n. 302016000035074","publisher":{"@id":"https:\/\/www.tasteofsardinia.it\/#organization"},"potentialAction":[{"@type":"SearchAction","target":{"@type":"EntryPoint","urlTemplate":"https:\/\/www.tasteofsardinia.it\/?s={search_term_string}"},"query-input":"required name=search_term_string"}],"inLanguage":"it-IT"},{"@type":"ImageObject","@id":"https:\/\/www.tasteofsardinia.it\/?page_id=807#primaryimage","inLanguage":"it-IT","url":"http:\/\/www.miliasrl.it\/images\/stories\/foto%20azienda-.jpg","contentUrl":"http:\/\/www.miliasrl.it\/images\/stories\/foto%20azienda-.jpg"},{"@type":"WebPage","@id":"https:\/\/www.tasteofsardinia.it\/?page_id=807#webpage","url":"https:\/\/www.tasteofsardinia.it\/?page_id=807","name":"Milia carni srl - TASTE OF SARDINIA - Gusto di Sardegna","isPartOf":{"@id":"https:\/\/www.tasteofsardinia.it\/#website"},"primaryImageOfPage":{"@id":"https:\/\/www.tasteofsardinia.it\/?page_id=807#primaryimage"},"datePublished":"2016-06-23T21:03:47+00:00","dateModified":"2016-07-01T21:21:34+00:00","breadcrumb":{"@id":"https:\/\/www.tasteofsardinia.it\/?page_id=807#breadcrumb"},"inLanguage":"it-IT","potentialAction":[{"@type":"ReadAction","target":["https:\/\/www.tasteofsardinia.it\/?page_id=807"]}]},{"@type":"BreadcrumbList","@id":"https:\/\/www.tasteofsardinia.it\/?page_id=807#breadcrumb","itemListElement":[{"@type":"ListItem","position":1,"name":"Home","item":"https:\/\/www.tasteofsardinia.it\/"},{"@type":"ListItem","position":2,"name":"Salumifici","item":"https:\/\/www.tasteofsardinia.it\/?page_id=674"},{"@type":"ListItem","position":3,"name":"Milia carni srl"}]}]}},"_links":{"self":[{"href":"https:\/\/www.tasteofsardinia.it\/index.php?rest_route=\/wp\/v2\/pages\/807"}],"collection":[{"href":"https:\/\/www.tasteofsardinia.it\/index.php?rest_route=\/wp\/v2\/pages"}],"about":[{"href":"https:\/\/www.tasteofsardinia.it\/index.php?rest_route=\/wp\/v2\/types\/page"}],"author":[{"embeddable":true,"href":"https:\/\/www.tasteofsardinia.it\/index.php?rest_route=\/wp\/v2\/users\/1"}],"replies":[{"embeddable":true,"href":"https:\/\/www.tasteofsardinia.it\/index.php?rest_route=%2Fwp%2Fv2%2Fcomments&post=807"}],"version-history":[{"count":2,"href":"https:\/\/www.tasteofsardinia.it\/index.php?rest_route=\/wp\/v2\/pages\/807\/revisions"}],"predecessor-version":[{"id":893,"href":"https:\/\/www.tasteofsardinia.it\/index.php?rest_route=\/wp\/v2\/pages\/807\/revisions\/893"}],"up":[{"embeddable":true,"href":"https:\/\/www.tasteofsardinia.it\/index.php?rest_route=\/wp\/v2\/pages\/674"}],"wp:attachment":[{"href":"https:\/\/www.tasteofsardinia.it\/index.php?rest_route=%2Fwp%2Fv2%2Fmedia&parent=807"}],"curies":[{"name":"wp","href":"https:\/\/api.w.org\/{rel}","templated":true}]}}