{"id":722,"date":"2016-06-19T19:34:49","date_gmt":"2016-06-19T17:34:49","guid":{"rendered":"https:\/\/www.tasteofsardinia.it\/?page_id=722"},"modified":"2016-06-19T19:34:49","modified_gmt":"2016-06-19T17:34:49","slug":"cantine-sardus-pater","status":"publish","type":"page","link":"https:\/\/www.tasteofsardinia.it\/?page_id=722","title":{"rendered":"Cantine Sardus Pater"},"content":{"rendered":"<p><img decoding=\"async\" loading=\"lazy\" class=\"aligncenter wp-image-726\" src=\"https:\/\/www.tasteofsardinia.it\/wp-content\/uploads\/2016\/06\/sarduspater.jpg\" alt=\"sarduspater\" width=\"325\" height=\"173\" \/><\/p>\n<p>La Cantina Sardus Pater\u00a0si trova nell\u2019isola di Sant\u2019Antioco, nella parte sud occidentale della Sardegna. Le uve, conferite dai 200 soci, provengono da un\u2019area vitata di 300 ettari. La maggior parte dei vigneti sono di Carignano e i pi\u00f9 antichi di questi si trovano nell\u2019isola di Sant\u2019Antioco. Sono vigneti di almeno 50 anni, impiantati su terreni sabbiosi con basse rese per ettaro che producono uve di assoluta qualit\u00e0. \u00c8 da questi vigneti che la Cantina produce i suoi vini rossi pi\u00f9 pregiati.<\/p>\n<div class=\"row\">\n<div class=\"ja-sidebar ja-sidebar-2 span3\">\n<div id=\"Mod103\" class=\"ja-module module\">\n<div class=\"module-inner\">\n<div class=\"module-ct\">\n<div class=\"mod_tz_news \">\n<div class=\"tz_news\">\n<div class=\"tz_accordion\">\n<h3 class=\"tz_title open\">Simbolo\u00a0<img decoding=\"async\" loading=\"lazy\" class=\" wp-image-724 alignleft\" src=\"https:\/\/www.tasteofsardinia.it\/wp-content\/uploads\/2016\/06\/moneta-sarduspater.jpg\" alt=\"moneta sarduspater\" width=\"213\" height=\"207\" \/><\/h3>\n<div class=\"info_accordion\">\n<p>il simbolo ricorrente in tutte le bottiglie e\u2019 la moneta che si coniava a sant\u2019antioco nel periodo di dominio romano e raffigura il \u201csardus pater\u201d tradotto letteralmente il padre dei sardi.<br \/>\nSecondo gli studiosi, la figura del Sardus Pater rappresenta una sintesi di vari elementi religiosi che partendo dall&#8217;antica devozione per un dio paleosardo guerriero e cacciatore, si arricchirono successivamente di influssi culturali di diversa provenienza. Per lo studioso Attilio Mastino il tempio del Sardus Pater di Antas<\/p>\n<p><em>\u00ab &#8230;ha rappresentato nell&#8217;antichit\u00e0 preistorica, poi in quella punica e soprattutto in et\u00e0 romana, il luogo alto dove era ricapitolata tutta la storia del popolo sardo, nelle sue chiusure e resistenze, ma anche nella sua capacit\u00e0 di adattarsi e di confrontarsi con le culture mediterranee. \u00bb<\/em><br \/>\n(La Grande Enciclopedia della Sardegna, pag 384)<\/p>\n<p><img decoding=\"async\" loading=\"lazy\" class=\"wp-image-717 alignleft\" src=\"https:\/\/www.tasteofsardinia.it\/wp-content\/uploads\/2016\/06\/13071961_605979056217273_8415692351923105560_o.jpg\" alt=\"13071961_605979056217273_8415692351923105560_o\" width=\"279\" height=\"157\" srcset=\"https:\/\/www.tasteofsardinia.it\/wp-content\/uploads\/2016\/06\/13071961_605979056217273_8415692351923105560_o.jpg 1920w, https:\/\/www.tasteofsardinia.it\/wp-content\/uploads\/2016\/06\/13071961_605979056217273_8415692351923105560_o-600x338.jpg 600w\" sizes=\"(max-width: 279px) 100vw, 279px\" \/><\/p>\n<\/div>\n<\/div>\n<div class=\"tz_accordion\">Vincitore del 1\u00b0 premio nella sezione vini &#8220;Sardinia Food Awards&#8221; e inserito fra i produttori selezionati da &#8220;Taste of Sardinia&#8221;<\/div>\n<\/div>\n<\/div>\n<\/div>\n<\/div>\n<\/div>\n<\/div>\n<\/div>\n<p><strong>CANTINE SARDUS PATER<\/strong><\/p>\n<p>Via Rinascita,46 Sant&#8217;Antioco CA<br \/>\nhttp:\/\/www.cantinesarduspater.it<br \/>\ninfo@cantinesarduspater.it<br \/>\nTel. 078 1800274<\/p>\n<p>&nbsp;<\/p>\n","protected":false},"excerpt":{"rendered":"<p>La Cantina Sardus Pater\u00a0si trova nell\u2019isola di Sant\u2019Antioco, nella parte sud occidentale della Sardegna. Le uve, conferite dai 200 soci, provengono da un\u2019area vitata di 300 ettari. La maggior parte dei vigneti sono di Carignano e i pi\u00f9 antichi di questi si trovano nell\u2019isola di Sant\u2019Antioco. Sono vigneti di almeno 50 anni, impiantati su terreni<\/p>\n","protected":false},"author":1,"featured_media":0,"parent":326,"menu_order":0,"comment_status":"closed","ping_status":"closed","template":"page-fullwidth.php","meta":{"footnotes":""},"yoast_head":"<!-- This site is optimized with the Yoast SEO plugin v16.7 - https:\/\/yoast.com\/wordpress\/plugins\/seo\/ -->\n<title>Cantine Sardus Pater - TASTE OF SARDINIA - Gusto di Sardegna<\/title>\n<meta name=\"robots\" content=\"index, follow, max-snippet:-1, max-image-preview:large, max-video-preview:-1\" \/>\n<link rel=\"canonical\" href=\"https:\/\/www.tasteofsardinia.it\/?page_id=722\" \/>\n<meta property=\"og:locale\" content=\"it_IT\" \/>\n<meta property=\"og:type\" content=\"article\" \/>\n<meta property=\"og:title\" content=\"Cantine Sardus Pater - TASTE OF SARDINIA - Gusto di Sardegna\" \/>\n<meta property=\"og:description\" content=\"La Cantina Sardus Pater\u00a0si trova nell\u2019isola di Sant\u2019Antioco, nella parte sud occidentale della Sardegna. Le uve, conferite dai 200 soci, provengono da un\u2019area vitata di 300 ettari. La maggior parte dei vigneti sono di Carignano e i pi\u00f9 antichi di questi si trovano nell\u2019isola di Sant\u2019Antioco. Sono vigneti di almeno 50 anni, impiantati su terreni\" \/>\n<meta property=\"og:url\" content=\"https:\/\/www.tasteofsardinia.it\/?page_id=722\" \/>\n<meta property=\"og:site_name\" content=\"TASTE OF SARDINIA - Gusto di Sardegna\" \/>\n<meta property=\"og:image\" content=\"https:\/\/www.tasteofsardinia.it\/wp-content\/uploads\/2016\/06\/sarduspater.jpg\" \/>\n<meta name=\"twitter:card\" content=\"summary_large_image\" \/>\n<meta name=\"twitter:site\" content=\"@Tasteofsardinia\" \/>\n<meta name=\"twitter:label1\" content=\"Tempo di lettura stimato\" \/>\n\t<meta name=\"twitter:data1\" content=\"1 minuto\" \/>\n<script type=\"application\/ld+json\" class=\"yoast-schema-graph\">{\"@context\":\"https:\/\/schema.org\",\"@graph\":[{\"@type\":\"Organization\",\"@id\":\"https:\/\/www.tasteofsardinia.it\/#organization\",\"name\":\"TASTE O SARDINIA\",\"url\":\"https:\/\/www.tasteofsardinia.it\/\",\"sameAs\":[\"https:\/\/twitter.com\/Tasteofsardinia\"],\"logo\":{\"@type\":\"ImageObject\",\"@id\":\"https:\/\/www.tasteofsardinia.it\/#logo\",\"inLanguage\":\"it-IT\",\"url\":\"https:\/\/www.tasteofsardinia.it\/wp-content\/uploads\/2018\/01\/consegna-logo.png\",\"contentUrl\":\"https:\/\/www.tasteofsardinia.it\/wp-content\/uploads\/2018\/01\/consegna-logo.png\",\"width\":200,\"height\":190,\"caption\":\"TASTE O SARDINIA\"},\"image\":{\"@id\":\"https:\/\/www.tasteofsardinia.it\/#logo\"}},{\"@type\":\"WebSite\",\"@id\":\"https:\/\/www.tasteofsardinia.it\/#website\",\"url\":\"https:\/\/www.tasteofsardinia.it\/\",\"name\":\"TASTE OF SARDINIA - Gusto di Sardegna\",\"description\":\"Promozione del turismo enogastronomico e per la tutela dell&#039;identit\\u00e0 Territoriale dei prodotti agroalimentari e vinicoli. Programmazione e promozione Tours enogastronomici e culturali.  Marchio di Identit\\u00e0 Territoriale Registrazione \\u00ae n. 302016000035074\",\"publisher\":{\"@id\":\"https:\/\/www.tasteofsardinia.it\/#organization\"},\"potentialAction\":[{\"@type\":\"SearchAction\",\"target\":{\"@type\":\"EntryPoint\",\"urlTemplate\":\"https:\/\/www.tasteofsardinia.it\/?s={search_term_string}\"},\"query-input\":\"required name=search_term_string\"}],\"inLanguage\":\"it-IT\"},{\"@type\":\"ImageObject\",\"@id\":\"https:\/\/www.tasteofsardinia.it\/?page_id=722#primaryimage\",\"inLanguage\":\"it-IT\",\"url\":\"https:\/\/www.tasteofsardinia.it\/wp-content\/uploads\/2016\/06\/sarduspater.jpg\",\"contentUrl\":\"https:\/\/www.tasteofsardinia.it\/wp-content\/uploads\/2016\/06\/sarduspater.jpg\",\"width\":240,\"height\":133},{\"@type\":\"WebPage\",\"@id\":\"https:\/\/www.tasteofsardinia.it\/?page_id=722#webpage\",\"url\":\"https:\/\/www.tasteofsardinia.it\/?page_id=722\",\"name\":\"Cantine Sardus Pater - TASTE OF SARDINIA - Gusto di Sardegna\",\"isPartOf\":{\"@id\":\"https:\/\/www.tasteofsardinia.it\/#website\"},\"primaryImageOfPage\":{\"@id\":\"https:\/\/www.tasteofsardinia.it\/?page_id=722#primaryimage\"},\"datePublished\":\"2016-06-19T17:34:49+00:00\",\"dateModified\":\"2016-06-19T17:34:49+00:00\",\"breadcrumb\":{\"@id\":\"https:\/\/www.tasteofsardinia.it\/?page_id=722#breadcrumb\"},\"inLanguage\":\"it-IT\",\"potentialAction\":[{\"@type\":\"ReadAction\",\"target\":[\"https:\/\/www.tasteofsardinia.it\/?page_id=722\"]}]},{\"@type\":\"BreadcrumbList\",\"@id\":\"https:\/\/www.tasteofsardinia.it\/?page_id=722#breadcrumb\",\"itemListElement\":[{\"@type\":\"ListItem\",\"position\":1,\"name\":\"Home\",\"item\":\"https:\/\/www.tasteofsardinia.it\/\"},{\"@type\":\"ListItem\",\"position\":2,\"name\":\"PRODUTTORI\",\"item\":\"https:\/\/www.tasteofsardinia.it\/?page_id=250\"},{\"@type\":\"ListItem\",\"position\":3,\"name\":\"Cantine\",\"item\":\"https:\/\/www.tasteofsardinia.it\/?page_id=326\"},{\"@type\":\"ListItem\",\"position\":4,\"name\":\"Cantine Sardus Pater\"}]}]}<\/script>\n<!-- \/ Yoast SEO plugin. -->","yoast_head_json":{"title":"Cantine Sardus Pater - TASTE OF SARDINIA - Gusto di Sardegna","robots":{"index":"index","follow":"follow","max-snippet":"max-snippet:-1","max-image-preview":"max-image-preview:large","max-video-preview":"max-video-preview:-1"},"canonical":"https:\/\/www.tasteofsardinia.it\/?page_id=722","og_locale":"it_IT","og_type":"article","og_title":"Cantine Sardus Pater - TASTE OF SARDINIA - Gusto di Sardegna","og_description":"La Cantina Sardus Pater\u00a0si trova nell\u2019isola di Sant\u2019Antioco, nella parte sud occidentale della Sardegna. Le uve, conferite dai 200 soci, provengono da un\u2019area vitata di 300 ettari. La maggior parte dei vigneti sono di Carignano e i pi\u00f9 antichi di questi si trovano nell\u2019isola di Sant\u2019Antioco. Sono vigneti di almeno 50 anni, impiantati su terreni","og_url":"https:\/\/www.tasteofsardinia.it\/?page_id=722","og_site_name":"TASTE OF SARDINIA - Gusto di Sardegna","og_image":[{"url":"https:\/\/www.tasteofsardinia.it\/wp-content\/uploads\/2016\/06\/sarduspater.jpg"}],"twitter_card":"summary_large_image","twitter_site":"@Tasteofsardinia","twitter_misc":{"Tempo di lettura stimato":"1 minuto"},"schema":{"@context":"https:\/\/schema.org","@graph":[{"@type":"Organization","@id":"https:\/\/www.tasteofsardinia.it\/#organization","name":"TASTE O SARDINIA","url":"https:\/\/www.tasteofsardinia.it\/","sameAs":["https:\/\/twitter.com\/Tasteofsardinia"],"logo":{"@type":"ImageObject","@id":"https:\/\/www.tasteofsardinia.it\/#logo","inLanguage":"it-IT","url":"https:\/\/www.tasteofsardinia.it\/wp-content\/uploads\/2018\/01\/consegna-logo.png","contentUrl":"https:\/\/www.tasteofsardinia.it\/wp-content\/uploads\/2018\/01\/consegna-logo.png","width":200,"height":190,"caption":"TASTE O SARDINIA"},"image":{"@id":"https:\/\/www.tasteofsardinia.it\/#logo"}},{"@type":"WebSite","@id":"https:\/\/www.tasteofsardinia.it\/#website","url":"https:\/\/www.tasteofsardinia.it\/","name":"TASTE OF SARDINIA - Gusto di Sardegna","description":"Promozione del turismo enogastronomico e per la tutela dell&#039;identit\u00e0 Territoriale dei prodotti agroalimentari e vinicoli. Programmazione e promozione Tours enogastronomici e culturali.  Marchio di Identit\u00e0 Territoriale Registrazione \u00ae n. 302016000035074","publisher":{"@id":"https:\/\/www.tasteofsardinia.it\/#organization"},"potentialAction":[{"@type":"SearchAction","target":{"@type":"EntryPoint","urlTemplate":"https:\/\/www.tasteofsardinia.it\/?s={search_term_string}"},"query-input":"required name=search_term_string"}],"inLanguage":"it-IT"},{"@type":"ImageObject","@id":"https:\/\/www.tasteofsardinia.it\/?page_id=722#primaryimage","inLanguage":"it-IT","url":"https:\/\/www.tasteofsardinia.it\/wp-content\/uploads\/2016\/06\/sarduspater.jpg","contentUrl":"https:\/\/www.tasteofsardinia.it\/wp-content\/uploads\/2016\/06\/sarduspater.jpg","width":240,"height":133},{"@type":"WebPage","@id":"https:\/\/www.tasteofsardinia.it\/?page_id=722#webpage","url":"https:\/\/www.tasteofsardinia.it\/?page_id=722","name":"Cantine Sardus Pater - TASTE OF SARDINIA - Gusto di Sardegna","isPartOf":{"@id":"https:\/\/www.tasteofsardinia.it\/#website"},"primaryImageOfPage":{"@id":"https:\/\/www.tasteofsardinia.it\/?page_id=722#primaryimage"},"datePublished":"2016-06-19T17:34:49+00:00","dateModified":"2016-06-19T17:34:49+00:00","breadcrumb":{"@id":"https:\/\/www.tasteofsardinia.it\/?page_id=722#breadcrumb"},"inLanguage":"it-IT","potentialAction":[{"@type":"ReadAction","target":["https:\/\/www.tasteofsardinia.it\/?page_id=722"]}]},{"@type":"BreadcrumbList","@id":"https:\/\/www.tasteofsardinia.it\/?page_id=722#breadcrumb","itemListElement":[{"@type":"ListItem","position":1,"name":"Home","item":"https:\/\/www.tasteofsardinia.it\/"},{"@type":"ListItem","position":2,"name":"PRODUTTORI","item":"https:\/\/www.tasteofsardinia.it\/?page_id=250"},{"@type":"ListItem","position":3,"name":"Cantine","item":"https:\/\/www.tasteofsardinia.it\/?page_id=326"},{"@type":"ListItem","position":4,"name":"Cantine Sardus Pater"}]}]}},"_links":{"self":[{"href":"https:\/\/www.tasteofsardinia.it\/index.php?rest_route=\/wp\/v2\/pages\/722"}],"collection":[{"href":"https:\/\/www.tasteofsardinia.it\/index.php?rest_route=\/wp\/v2\/pages"}],"about":[{"href":"https:\/\/www.tasteofsardinia.it\/index.php?rest_route=\/wp\/v2\/types\/page"}],"author":[{"embeddable":true,"href":"https:\/\/www.tasteofsardinia.it\/index.php?rest_route=\/wp\/v2\/users\/1"}],"replies":[{"embeddable":true,"href":"https:\/\/www.tasteofsardinia.it\/index.php?rest_route=%2Fwp%2Fv2%2Fcomments&post=722"}],"version-history":[{"count":2,"href":"https:\/\/www.tasteofsardinia.it\/index.php?rest_route=\/wp\/v2\/pages\/722\/revisions"}],"predecessor-version":[{"id":727,"href":"https:\/\/www.tasteofsardinia.it\/index.php?rest_route=\/wp\/v2\/pages\/722\/revisions\/727"}],"up":[{"embeddable":true,"href":"https:\/\/www.tasteofsardinia.it\/index.php?rest_route=\/wp\/v2\/pages\/326"}],"wp:attachment":[{"href":"https:\/\/www.tasteofsardinia.it\/index.php?rest_route=%2Fwp%2Fv2%2Fmedia&parent=722"}],"curies":[{"name":"wp","href":"https:\/\/api.w.org\/{rel}","templated":true}]}}