{"id":654,"date":"2016-06-18T19:25:05","date_gmt":"2016-06-18T17:25:05","guid":{"rendered":"https:\/\/www.tasteofsardinia.it\/?page_id=654"},"modified":"2016-06-18T19:25:45","modified_gmt":"2016-06-18T17:25:45","slug":"apicoltura-anedda","status":"publish","type":"page","link":"https:\/\/www.tasteofsardinia.it\/?page_id=654","title":{"rendered":"Apicoltura Anedda"},"content":{"rendered":"<div class=\"img-fulltext-\">\n<div class=\"img_caption none\">\n<p class=\"img_caption\"><img decoding=\"async\" loading=\"lazy\" class=\"size-full wp-image-655 alignleft\" src=\"https:\/\/www.tasteofsardinia.it\/wp-content\/uploads\/2016\/06\/LOGOVETTORIALE110ARA.png\" alt=\"LOGOVETTORIALE110ARA\" width=\"246\" height=\"110\" \/><\/p>\n<p class=\"img_caption\"><img decoding=\"async\" loading=\"lazy\" class=\"wp-image-653 alignleft\" src=\"https:\/\/www.tasteofsardinia.it\/wp-content\/uploads\/2016\/06\/13086661_605977066217472_311762292817895725_o.jpg\" alt=\"13086661_605977066217472_311762292817895725_o\" width=\"259\" height=\"142\" \/><\/p>\n<p class=\"img_caption\" style=\"text-align: center;\">Le nostre operaie parlano solo in sardo<\/p>\n<\/div>\n<\/div>\n<p style=\"text-align: center;\"><em>Il <span class=\"mytool\"><abbr>Miele<\/abbr><\/span> \u00e8 un dono della natura: non solo perch\u00e8 contiene zuccheri \u201cbuoni\u201d, vitamine, minerali, e sostanze nutritive per l&#8217;organismo, ma anche perch\u00e8 nella sua produzione le api portano avanti il ciclo di vita di fiori e piante, e della natura stessa.<\/em><\/p>\n<p>&nbsp;<\/p>\n<p>Una passione che da circa 40 anni si tramanda di padre in figlio con lo scopo di realizzare un prodotto genuino che contenga tutte le caratteristiche eccezionali ricavate dai fiori della nostra terra.<br \/>\n<strong>L&#8217;apicoltura Anedda<\/strong> \u00e8 oggi una realt\u00e0 consolidata nel territorio grazie alla costante ricerca e agli investimenti nelle nuove tecnologie.<br \/>\nLa ricerca di luoghi ideali per la produzione del miele,ci consente di\u00a0 produrre alcuni mieli tanto delicati quanto rari, e poco comuni in commercio. Sono i <strong>Mieli di Rovo<\/strong>, di<strong> Rosmarino<\/strong> e di<strong> Maro<\/strong>. Quest&#8217;ultimo \u00e8 talmente difficile da produrre, a causa delle rare annate abbondanti di fiori, che le piccole quantit\u00e0 ottenute dal lavoro delle api valgono come l&#8217;oro.Tutta la produzione \u00e8 rigorosamente realizzata in Sardegna con personale locale che ama il prodotto che realizza. Non a caso il nostro motto \u00e8: <strong><em>Le nostre operaie? Parlano solo in sardo<\/em>\u00a0!<\/strong><br \/>\nUno dei tanti elementi che contribuiscono alla realizzazione di un prodotto speciale \u00e8 la scelta accurata delle zone in cui far bottinare le nostre api. Le piante di arance e limoni, per esempio, crescono in tutta la Sardegna, ma solo in determinate zone i fiori sono davvero speciali. Con l&#8217;esperienza di una vita abbiamo selezionato i luoghi migliori della Sardegna, e anche i fiori migliori, prestando molta attenzione all&#8217;aspetto e al sapore del miele che si presenta come un prodotto di grande valore.<br \/>\nLavoriamo con passione per dare darti il miglior prodotto possibile, contattaci per qualsiasi esigenza, saremo lieti di soddisfarla.<\/p>\n<div class=\"contact-address\">\n<address><span class=\"contact-street\"> Loc.Is Cambonis snc <\/span> <span class=\"contact-suburb\"> Villaputzu <\/span> <span class=\"contact-state\"> CA <\/span> <span class=\"contact-postcode\"> 09040 <\/span> <span class=\"contact-country\"> Italia <\/span><\/address>\n<\/div>\n<div class=\"contact-contactinfo\">\n<p><span class=\"jicons-icons\"> <img decoding=\"async\" src=\"http:\/\/www.apicolturaanedda.com\/media\/contacts\/images\/con_tel.png\" alt=\"Telefono: \" \/> <\/span> <span class=\"contact-telephone\"> 00390709977954 <\/span><\/p>\n<p><span class=\"jicons-icons\"> <img decoding=\"async\" src=\"http:\/\/www.apicolturaanedda.com\/media\/contacts\/images\/con_fax.png\" alt=\"Fax: \" \/> <\/span> <span class=\"contact-fax\"> 00390709977093 <\/span><\/p>\n<p><span class=\"contact-webpage\"> <a href=\"http:\/\/www.apicolturaanedda.com\" target=\"_blank\"> http:\/\/www.apicolturaanedda.com<\/a> <\/span><\/p>\n<\/div>\n<p>&nbsp;<\/p>\n","protected":false},"excerpt":{"rendered":"<p>Le nostre operaie parlano solo in sardo Il Miele \u00e8 un dono della natura: non solo perch\u00e8 contiene zuccheri \u201cbuoni\u201d, vitamine, minerali, e sostanze nutritive per l&#8217;organismo, ma anche perch\u00e8 nella sua produzione le api portano avanti il ciclo di vita di fiori e piante, e della natura stessa. &nbsp; Una passione che da circa<\/p>\n","protected":false},"author":1,"featured_media":0,"parent":589,"menu_order":0,"comment_status":"closed","ping_status":"closed","template":"","meta":{"footnotes":""},"yoast_head":"<!-- This site is optimized with the Yoast SEO plugin v16.7 - https:\/\/yoast.com\/wordpress\/plugins\/seo\/ -->\n<title>Apicoltura Anedda - TASTE OF SARDINIA - Gusto di Sardegna<\/title>\n<meta name=\"robots\" content=\"index, follow, max-snippet:-1, max-image-preview:large, max-video-preview:-1\" \/>\n<link rel=\"canonical\" href=\"https:\/\/www.tasteofsardinia.it\/?page_id=654\" \/>\n<meta property=\"og:locale\" content=\"it_IT\" \/>\n<meta property=\"og:type\" content=\"article\" \/>\n<meta property=\"og:title\" content=\"Apicoltura Anedda - TASTE OF SARDINIA - Gusto di Sardegna\" \/>\n<meta property=\"og:description\" content=\"Le nostre operaie parlano solo in sardo Il Miele \u00e8 un dono della natura: non solo perch\u00e8 contiene zuccheri \u201cbuoni\u201d, vitamine, minerali, e sostanze nutritive per l&#8217;organismo, ma anche perch\u00e8 nella sua produzione le api portano avanti il ciclo di vita di fiori e piante, e della natura stessa. &nbsp; Una passione che da circa\" \/>\n<meta property=\"og:url\" content=\"https:\/\/www.tasteofsardinia.it\/?page_id=654\" \/>\n<meta property=\"og:site_name\" content=\"TASTE OF SARDINIA - Gusto di Sardegna\" \/>\n<meta property=\"article:modified_time\" content=\"2016-06-18T17:25:45+00:00\" \/>\n<meta property=\"og:image\" content=\"https:\/\/www.tasteofsardinia.it\/wp-content\/uploads\/2016\/06\/LOGOVETTORIALE110ARA.png\" \/>\n<meta name=\"twitter:card\" content=\"summary_large_image\" \/>\n<meta name=\"twitter:site\" content=\"@Tasteofsardinia\" \/>\n<meta name=\"twitter:label1\" content=\"Tempo di lettura stimato\" \/>\n\t<meta name=\"twitter:data1\" content=\"2 minuti\" \/>\n<script type=\"application\/ld+json\" class=\"yoast-schema-graph\">{\"@context\":\"https:\/\/schema.org\",\"@graph\":[{\"@type\":\"Organization\",\"@id\":\"https:\/\/www.tasteofsardinia.it\/#organization\",\"name\":\"TASTE O SARDINIA\",\"url\":\"https:\/\/www.tasteofsardinia.it\/\",\"sameAs\":[\"https:\/\/twitter.com\/Tasteofsardinia\"],\"logo\":{\"@type\":\"ImageObject\",\"@id\":\"https:\/\/www.tasteofsardinia.it\/#logo\",\"inLanguage\":\"it-IT\",\"url\":\"https:\/\/www.tasteofsardinia.it\/wp-content\/uploads\/2018\/01\/consegna-logo.png\",\"contentUrl\":\"https:\/\/www.tasteofsardinia.it\/wp-content\/uploads\/2018\/01\/consegna-logo.png\",\"width\":200,\"height\":190,\"caption\":\"TASTE O SARDINIA\"},\"image\":{\"@id\":\"https:\/\/www.tasteofsardinia.it\/#logo\"}},{\"@type\":\"WebSite\",\"@id\":\"https:\/\/www.tasteofsardinia.it\/#website\",\"url\":\"https:\/\/www.tasteofsardinia.it\/\",\"name\":\"TASTE OF SARDINIA - Gusto di Sardegna\",\"description\":\"Promozione del turismo enogastronomico e per la tutela dell&#039;identit\\u00e0 Territoriale dei prodotti agroalimentari e vinicoli. Programmazione e promozione Tours enogastronomici e culturali.  Marchio di Identit\\u00e0 Territoriale Registrazione \\u00ae n. 302016000035074\",\"publisher\":{\"@id\":\"https:\/\/www.tasteofsardinia.it\/#organization\"},\"potentialAction\":[{\"@type\":\"SearchAction\",\"target\":{\"@type\":\"EntryPoint\",\"urlTemplate\":\"https:\/\/www.tasteofsardinia.it\/?s={search_term_string}\"},\"query-input\":\"required name=search_term_string\"}],\"inLanguage\":\"it-IT\"},{\"@type\":\"ImageObject\",\"@id\":\"https:\/\/www.tasteofsardinia.it\/?page_id=654#primaryimage\",\"inLanguage\":\"it-IT\",\"url\":\"https:\/\/www.tasteofsardinia.it\/wp-content\/uploads\/2016\/06\/LOGOVETTORIALE110ARA.png\",\"contentUrl\":\"https:\/\/www.tasteofsardinia.it\/wp-content\/uploads\/2016\/06\/LOGOVETTORIALE110ARA.png\",\"width\":246,\"height\":110},{\"@type\":\"WebPage\",\"@id\":\"https:\/\/www.tasteofsardinia.it\/?page_id=654#webpage\",\"url\":\"https:\/\/www.tasteofsardinia.it\/?page_id=654\",\"name\":\"Apicoltura Anedda - TASTE OF SARDINIA - Gusto di Sardegna\",\"isPartOf\":{\"@id\":\"https:\/\/www.tasteofsardinia.it\/#website\"},\"primaryImageOfPage\":{\"@id\":\"https:\/\/www.tasteofsardinia.it\/?page_id=654#primaryimage\"},\"datePublished\":\"2016-06-18T17:25:05+00:00\",\"dateModified\":\"2016-06-18T17:25:45+00:00\",\"breadcrumb\":{\"@id\":\"https:\/\/www.tasteofsardinia.it\/?page_id=654#breadcrumb\"},\"inLanguage\":\"it-IT\",\"potentialAction\":[{\"@type\":\"ReadAction\",\"target\":[\"https:\/\/www.tasteofsardinia.it\/?page_id=654\"]}]},{\"@type\":\"BreadcrumbList\",\"@id\":\"https:\/\/www.tasteofsardinia.it\/?page_id=654#breadcrumb\",\"itemListElement\":[{\"@type\":\"ListItem\",\"position\":1,\"name\":\"Home\",\"item\":\"https:\/\/www.tasteofsardinia.it\/\"},{\"@type\":\"ListItem\",\"position\":2,\"name\":\"PRODUTTORI\",\"item\":\"https:\/\/www.tasteofsardinia.it\/?page_id=250\"},{\"@type\":\"ListItem\",\"position\":3,\"name\":\"Miele, confetture e conserve\",\"item\":\"https:\/\/www.tasteofsardinia.it\/?page_id=589\"},{\"@type\":\"ListItem\",\"position\":4,\"name\":\"Apicoltura Anedda\"}]}]}<\/script>\n<!-- \/ Yoast SEO plugin. -->","yoast_head_json":{"title":"Apicoltura Anedda - TASTE OF SARDINIA - Gusto di Sardegna","robots":{"index":"index","follow":"follow","max-snippet":"max-snippet:-1","max-image-preview":"max-image-preview:large","max-video-preview":"max-video-preview:-1"},"canonical":"https:\/\/www.tasteofsardinia.it\/?page_id=654","og_locale":"it_IT","og_type":"article","og_title":"Apicoltura Anedda - TASTE OF SARDINIA - Gusto di Sardegna","og_description":"Le nostre operaie parlano solo in sardo Il Miele \u00e8 un dono della natura: non solo perch\u00e8 contiene zuccheri \u201cbuoni\u201d, vitamine, minerali, e sostanze nutritive per l&#8217;organismo, ma anche perch\u00e8 nella sua produzione le api portano avanti il ciclo di vita di fiori e piante, e della natura stessa. &nbsp; Una passione che da circa","og_url":"https:\/\/www.tasteofsardinia.it\/?page_id=654","og_site_name":"TASTE OF SARDINIA - Gusto di Sardegna","article_modified_time":"2016-06-18T17:25:45+00:00","og_image":[{"url":"https:\/\/www.tasteofsardinia.it\/wp-content\/uploads\/2016\/06\/LOGOVETTORIALE110ARA.png"}],"twitter_card":"summary_large_image","twitter_site":"@Tasteofsardinia","twitter_misc":{"Tempo di lettura stimato":"2 minuti"},"schema":{"@context":"https:\/\/schema.org","@graph":[{"@type":"Organization","@id":"https:\/\/www.tasteofsardinia.it\/#organization","name":"TASTE O SARDINIA","url":"https:\/\/www.tasteofsardinia.it\/","sameAs":["https:\/\/twitter.com\/Tasteofsardinia"],"logo":{"@type":"ImageObject","@id":"https:\/\/www.tasteofsardinia.it\/#logo","inLanguage":"it-IT","url":"https:\/\/www.tasteofsardinia.it\/wp-content\/uploads\/2018\/01\/consegna-logo.png","contentUrl":"https:\/\/www.tasteofsardinia.it\/wp-content\/uploads\/2018\/01\/consegna-logo.png","width":200,"height":190,"caption":"TASTE O SARDINIA"},"image":{"@id":"https:\/\/www.tasteofsardinia.it\/#logo"}},{"@type":"WebSite","@id":"https:\/\/www.tasteofsardinia.it\/#website","url":"https:\/\/www.tasteofsardinia.it\/","name":"TASTE OF SARDINIA - Gusto di Sardegna","description":"Promozione del turismo enogastronomico e per la tutela dell&#039;identit\u00e0 Territoriale dei prodotti agroalimentari e vinicoli. Programmazione e promozione Tours enogastronomici e culturali.  Marchio di Identit\u00e0 Territoriale Registrazione \u00ae n. 302016000035074","publisher":{"@id":"https:\/\/www.tasteofsardinia.it\/#organization"},"potentialAction":[{"@type":"SearchAction","target":{"@type":"EntryPoint","urlTemplate":"https:\/\/www.tasteofsardinia.it\/?s={search_term_string}"},"query-input":"required name=search_term_string"}],"inLanguage":"it-IT"},{"@type":"ImageObject","@id":"https:\/\/www.tasteofsardinia.it\/?page_id=654#primaryimage","inLanguage":"it-IT","url":"https:\/\/www.tasteofsardinia.it\/wp-content\/uploads\/2016\/06\/LOGOVETTORIALE110ARA.png","contentUrl":"https:\/\/www.tasteofsardinia.it\/wp-content\/uploads\/2016\/06\/LOGOVETTORIALE110ARA.png","width":246,"height":110},{"@type":"WebPage","@id":"https:\/\/www.tasteofsardinia.it\/?page_id=654#webpage","url":"https:\/\/www.tasteofsardinia.it\/?page_id=654","name":"Apicoltura Anedda - TASTE OF SARDINIA - Gusto di Sardegna","isPartOf":{"@id":"https:\/\/www.tasteofsardinia.it\/#website"},"primaryImageOfPage":{"@id":"https:\/\/www.tasteofsardinia.it\/?page_id=654#primaryimage"},"datePublished":"2016-06-18T17:25:05+00:00","dateModified":"2016-06-18T17:25:45+00:00","breadcrumb":{"@id":"https:\/\/www.tasteofsardinia.it\/?page_id=654#breadcrumb"},"inLanguage":"it-IT","potentialAction":[{"@type":"ReadAction","target":["https:\/\/www.tasteofsardinia.it\/?page_id=654"]}]},{"@type":"BreadcrumbList","@id":"https:\/\/www.tasteofsardinia.it\/?page_id=654#breadcrumb","itemListElement":[{"@type":"ListItem","position":1,"name":"Home","item":"https:\/\/www.tasteofsardinia.it\/"},{"@type":"ListItem","position":2,"name":"PRODUTTORI","item":"https:\/\/www.tasteofsardinia.it\/?page_id=250"},{"@type":"ListItem","position":3,"name":"Miele, confetture e conserve","item":"https:\/\/www.tasteofsardinia.it\/?page_id=589"},{"@type":"ListItem","position":4,"name":"Apicoltura Anedda"}]}]}},"_links":{"self":[{"href":"https:\/\/www.tasteofsardinia.it\/index.php?rest_route=\/wp\/v2\/pages\/654"}],"collection":[{"href":"https:\/\/www.tasteofsardinia.it\/index.php?rest_route=\/wp\/v2\/pages"}],"about":[{"href":"https:\/\/www.tasteofsardinia.it\/index.php?rest_route=\/wp\/v2\/types\/page"}],"author":[{"embeddable":true,"href":"https:\/\/www.tasteofsardinia.it\/index.php?rest_route=\/wp\/v2\/users\/1"}],"replies":[{"embeddable":true,"href":"https:\/\/www.tasteofsardinia.it\/index.php?rest_route=%2Fwp%2Fv2%2Fcomments&post=654"}],"version-history":[{"count":1,"href":"https:\/\/www.tasteofsardinia.it\/index.php?rest_route=\/wp\/v2\/pages\/654\/revisions"}],"predecessor-version":[{"id":656,"href":"https:\/\/www.tasteofsardinia.it\/index.php?rest_route=\/wp\/v2\/pages\/654\/revisions\/656"}],"up":[{"embeddable":true,"href":"https:\/\/www.tasteofsardinia.it\/index.php?rest_route=\/wp\/v2\/pages\/589"}],"wp:attachment":[{"href":"https:\/\/www.tasteofsardinia.it\/index.php?rest_route=%2Fwp%2Fv2%2Fmedia&parent=654"}],"curies":[{"name":"wp","href":"https:\/\/api.w.org\/{rel}","templated":true}]}}