{"id":569,"date":"2016-06-15T20:13:56","date_gmt":"2016-06-15T18:13:56","guid":{"rendered":"https:\/\/www.tasteofsardinia.it\/?page_id=569"},"modified":"2017-03-18T08:45:32","modified_gmt":"2017-03-18T07:45:32","slug":"il-progetto-taste-of-sardinia","status":"publish","type":"page","link":"https:\/\/www.tasteofsardinia.it\/?page_id=569","title":{"rendered":"IL Progetto TASTE OF SARDINIA"},"content":{"rendered":"<p>&nbsp;<\/p>\n<p><strong>Taste of Sardinia\u00a0<\/strong>\u00e8 una Associazione per la promozione dei prodotti agroalimentari, enogastronomici, del turismo lesure, business, enogastronomico,territoriale e culturale.<\/p>\n<p><a href=\"https:\/\/www.tasteofsardinia.it\/wp-content\/uploads\/2017\/02\/Presentazione-PPT-ASSOCIAZIONE-TASTEOFSARDINIA-.pdf\" target=\"_blank\">Slide di presentazione<\/a><\/p>\n<p><a href=\"https:\/\/www.tasteofsardinia.it\/wp-content\/uploads\/2016\/05\/PRESENTAZIONE-Guide-Taste-of-Sardinia-A4.pdf\">Progetto\u00a0Guide Taste of Sardinia-A4<\/a><\/p>\n<p>E&#8217; diviso in due azioni: la promozione dei prodotti agroalimentari e la promozione turistica territoriale con particolare attenzione al turismo enogastromomico.<\/p>\n<p>Il primo step per l&#8217;avvio del progetto sono i diciannove incontri territoriali localizzati nei territori storici della Sardegna.<\/p>\n<p>Agli incontri, che si svolgeranno preferibilmente presso il centro sede, di Gal o di Unione di Comuni, saranno invitati tutti gli imprenditori delle produzioni agroalimentari, vinicole, caseifici e di trasformazione, oltre alle aziende della ristorazione, della ricettivit\u00e0, dei servizi turistici e escursionistici.<\/p>\n<p>La giornata sar\u00e0 divisa in due momenti: nella mattina si svolger\u00e0 una conferenza di presentazione con la partecipazione dei referenti delle Istituzioni Locali, dei Presidenti di Gal, Unione dei Comuni, i rappresentanti di Categoria e tutti gli stakeholder.<\/p>\n<p>A seguire ci sar\u00e0 un workshop dedicato gli imprenditori che vorranno approfondire i vantaggi della cooperazione di rete e le opportunit\u00e0 dei finanziamenti Comunitari e Regionali con un momento di formazione per approfondire le conoscenze di web marketing e le strategie di gestione del turista.<\/p>\n<p>Dopo il coffe-break si terra un incontro con gli imprenditori per raccogliere notizie utili sui prodotti e sulle attivit\u00e0 turistiche, programmare le visite nelle aziende per interviste redazionali, riprese fotografiche e video che serviranno per la pubblicazione delle guide turistiche e la produzione di videopromozionali.<\/p>\n<p>Le guide, dedicate al territorio, nel rispetto della divisione delle antiche zone della Sardegna, saranno uno strumento per far conoscere le eccellenze dei prodotti agroalimentari, vinicoli e culturali, i ristoranti, le specialit\u00e0 enogastronomiche e la ricettivit\u00e0, nel rispettino dei parametri imposti dal disciplinare.<\/p>\n<p>Il momento di incontro con gli imprenditori sar\u00e0 l&#8217;occasione per stimolare la cooperazione e promuovere l&#8217;unione in Contratti di Rete per partecipare a bandi di internalizzazione, per presentarsi uniti in nuovi mercati esteri con eventi, partecipazione a fiere, incontri con buyer esteri e l&#8217;inserimento nel progetto della \u201cGalleria del Gusto\u201d evento di vetrina commerciale, di degustazione e di informazione.<\/p>\n<p>Sono in corso accordi con partner commerciali, interessati al progetto, per la promozione e commercializzazione dei prodotti sui mercati Italiani ed esteri, come Cina, Germania, negli USA, oltre ad altri partner che stanno valutando la loro partecipazione.<\/p>\n<p>Tutti i prodotti selezionati saranno riconoscibili col logo di \u201cTaste of Sardinia\u201d e tracciati con un codice QR.<\/p>\n<p>Nel pomeriggio sar\u00e0 organizzato uno show cooking pubblico e saranno preparati piatti con i prodotti di eccellenza del territorio dagli chef locali e dalle sapienti mani delle persone che custodiscono le antiche ricette tradizionali tutto sar\u00e0 documentato in video e fotograficamente per la raccolta multimediale per la preparazione di materiale promozionale sia video che editoriale.<\/p>\n<p>Gli eventi saranno organizzati con la collaborazione e il patrocinio di Enti, Comuni, Gal, Istituzioni, Universit\u00e0, Associazioni di Categoria, Istituti di ricerca e di certificazione, oltre che da sponsor privati, saranno aperti alle collaborazioni di Giornalisti, Enologi, Enogastronomi, Antropologi, chef, blogger, fotografi, videomakers e con la collaborazione delle massaie di cucina tradizionale locale, memoria storica del territorio.<\/p>\n<p>Le informazioni raccolte serviranno per l&#8217;edizione delle Guide del Turismo Enogastronomico, saranno stampate in pi\u00f9 lingue e distribuite nelle attivit\u00e0 turistiche della ricettivit\u00e0 della ristorazione, oltre che negli info-point degli enti preposti all\u2019informazione turistica, Pro Loco, Gal, Unione dei Comuni e STL oltre che nelle principali fiere del settore turistico ed enogastronomico nazionali ed estere, durante gli eventi delle \u201cGallerie del Gusto\u201d sia in Italia che all&#8217;estero e sul canale web.<\/p>\n<p>La pubblicazione vuole essere d&#8217;aiuto al turista per guidarlo alla scoperta delle eccellenze agroalimentari ed enogastronomiche del territorio che sta visitando, legando prodotti e sapori alle tradizioni alla storia e al paesaggio del territorio, quello che i Francesi definiscono \u201cterroir\u201d<\/p>\n<p>Col marchio \u201cTaste of Sardinia\u201d, si vuole esaltare il \u201cterroir\u201d e mettere in evidenza le eccellenze dei prodotti DOP, IGP, DOC, IGT, DOCG dando il giusto riconoscimento anche alle strutture della ristorazione e della ricettivit\u00e0 evidenziando particolari luoghi e tradizioni artigianali del territorio che si differenziano per qualit\u00e0 e genuinit\u00e0.<\/p>\n<p>Saranno promosse in particolare le \u201cStrade del vino\u201d gi\u00e0 tracciate negli anni scorsi dal Consorzio Vini DOC della Sardegna. Un viaggio alla scoperta di mille colori, mille sapori e mille emozioni.<\/p>\n<p>Nelle sue pagine si potranno trovare le caratteristiche dei prodotti dell\u2019agroalimentare, le ricette pi\u00f9 tradizionali o innovative sia della cucina paesana che quella di grandi chef, scoprire le cantine i caseifici, le botteghe artigianali sia agroalimentari che artistiche, i ristoranti, le trattorie e la ricettivit\u00e0 di qualit\u00e0, oltre a percorsi guidati delle strade del vino e dei formaggi. <u>Un vademecum di come gustare e abbinare cibi e vino. <\/u><\/p>\n<p>Saranno presenti anche percorsi per la visita del territorio, in bike, nordic walking a piedi e a cavallo per un turismo slow e percorsi dedicati al turismo nautico in canoa, surf e kitesurf,\u00a0 snorkeling alla scoperta dei fondali marini\u00a0 e per i sub i percorsi dei relitti sommersi.<\/p>\n<p>Tutto questo supportato da una piattaforma informatiche che seguir\u00e0 il viaggiatore anche sui digital device con supporto bluetooth di prossimit\u00e0 e l\u2019aiuto dei QR code per una precisa geo localizzazione del turista.<\/p>\n<p>Sul sito <a href=\"https:\/\/www.tasteofsardinia.it\/\">www.tasteofsardinia.it<\/a> saranno riportate tutte le informazioni presenti nelle guide. Il contributo dato dai followers sui social media facebook, twitter, instagram, yutube aumenteranno giornalmente le informazioni e il gradimento dei percorsi, dei prodotti, dei luoghi e delle strutture visitate.<\/p>\n<p><strong>Le diciannove guide saranno dedicate alle seguenti zone:<\/strong><\/p>\n<ol>\n<li><strong>sinis \u2013 montiferru<\/strong><\/li>\n<li><strong>campidano di oristano<\/strong><\/li>\n<li><strong>campidano di Cagliari<\/strong><\/li>\n<li><strong>linas<\/strong><\/li>\n<li><strong>marmilla <\/strong><\/li>\n<li><strong>barigadu \u2013 guilcer<\/strong><\/li>\n<li><strong>planargia<\/strong><\/li>\n<li><strong>goceano, lugudoro<\/strong><\/li>\n<li><strong>gallura <\/strong><\/li>\n<li><strong>ogliastra<\/strong><\/li>\n<li><strong>barbagia mandrolisai e gennargentu<\/strong><\/li>\n<li><strong>supramonte, baronia<\/strong><\/li>\n<li><strong>gallura-costa smeralda<\/strong><\/li>\n<li><strong>sarcidano<\/strong><\/li>\n<li><strong>sulcis, iglesiente e capoterra<\/strong><\/li>\n<li><strong>sarrabus gergei trexenta e parteolla<\/strong><\/li>\n<li><strong>marghine<\/strong><\/li>\n<li><strong>romangia, anglona<\/strong><\/li>\n<li><strong>nurra castelsardo valledoria<\/strong><\/li>\n<\/ol>\n<p><strong>Le guide saranno composte di una media di 96 pagine pi\u00f9 copertina <\/strong><\/p>\n<p>La prima parte sar\u00e0 dedicata alla presentazione del territorio<\/p>\n<p>La seconda parte proporr\u00e0 un percorso enogastronomico<\/p>\n<p>La terza dedicata alle \u201cStrade dei vini DOC\u201d<\/p>\n<p>La quarta alle specialit\u00e0 gastronomiche del territorio, formaggi e prodotti agricoli<\/p>\n<p>La quinta alla ristorazione tipica e di qualit\u00e0 con le ricette della tradizione e dell\u2019innovazione<\/p>\n<p>La sesta all\u2019artigianato<\/p>\n<p>La settima a percorsi turistici, culturali e naturalistici<\/p>\n<p>L\u2019ottava allo shopping enogastronomico e artigianale<\/p>\n<p>La nona conterr\u00e0 un memorandum con la traduzione dei nomi e modi di dire in sardo in italiano e nella lingua straniera<\/p>\n<p>L&#8217;appendice sar\u00e0 dedicata agli indirizzi della ristorazione, della ricettivit\u00e0 delle botteghe dell\u2019enogastronomia e dell\u2019artigianato presenti nel territorio.<\/p>\n<p>Saranno dedicate circa otto pagine per argomento ricche di fotografie e percorsi.<\/p>\n<p>Nel piano di marketing di promozione territoriale si \u00e8 tenuto conto della divisione territoriale, giustificata dalla tipicit\u00e0 dei singoli territori, delle usanze, dei costumi, delle coltivazioni, delle ricette e dai dialetti spesso diversi e unici che caratterizzano i vari territori. Si \u00e8 voluto anche aggregare alcune zone in funzione delle competenze territoriali dei GAL, delle Unioni dei<\/p>\n<p>Comuni e dei vari organi che curano la promozione turistica ed enogastronomica.<\/p>\n<p>Questo progetto vuole offrire una guida, con una grafica coordinata per tutte le edizioni che perseguono un unico obiettivo per la promozione dei prodotti agricoli, vitivinicoli, caseari, enogastronomici legati al loro territorio, alla loro storia alle usanze, nel contesto dei beni culturali, archeologici e storici e mettere a disposizione uno strumento di promozione alle Associazioni di Categoria Commerciali e Artigianali, alle Associazioni di Tutela delle produzioni agricole e a quelle dei Consorzi di tutela delle DOP, ICG, DOC, ICGT oltre agli Enti Locali e Regionali preposti alla tutela e promozione.<\/p>\n<p>La guida cartacea, sar\u00e0 distribuita presso gli esercizi della ricettivit\u00e0 della ristorazione, dell\u2019artigianato e del commercio che hanno aderito all\u2019iniziativa, oltre agli info-point turistici della zona di competenza, sar\u00e0 affiancata da un sito web che riporter\u00e0 tutti i testi contenuti nella versione stampata, ma con il vantaggio della geolocalizzazione, con i link alle strutture presenti. Sar\u00e0 cos\u00ec possibile aggiornare i contenuti con informazioni sulle sagre enogastronomiche, le strade del vino, i percorsi turistici e culturali in tempo reale e verificare i consensi e gli apprezzamenti grazie all\u2019utilizzo delle pagine dei social media collegate.<\/p>\n<p>In un secondo momento sar\u00e0 possibilit\u00e0 prenotare, con una piattaforma di booking on-linee attraverso un software open-surce realizzato da Sardegna Ricerche e interfacciato con un channel-manager che ottimizzer\u00e0 l\u2019accesso a siti di prenotazione si per la ricettivit\u00e0, la ristorazione, la visita ai musei o le escursioni turistiche, oltre ad un nuovo sistema di blue-tout di prossimit\u00e0 per ricevere informazioni in tempo reale appena uno si trova vicino ad un sito georeferenziato.<\/p>\n<p>Saranno consultabili anche le schede dei prodotti riconosciuti e marcati \u201cTaste of Sardinia\u201d tramite un codice QR che si trover\u00e0 stampato sul prodotto o attraverso la ricerca del Data Base.<\/p>\n<p>l nome &#8220;QR&#8221; \u00e8 l&#8217;abbreviazione dell&#8217;inglese&#8221;Quick Response&#8221; (&#8220;risposta rapida&#8221;), in virt\u00f9 del fatto che il codice fu sviluppato per permettere una rapida decodifica del suo contenuto. Il codice che vi viene fornito pu\u00f2 essere utilizzato inserendolo nella stampa delle vs. etichette o cartellini o stampato su etichette adesive singole da posizionare sui prodotti gi\u00e0 etichettati.<\/p>\n<p>Ogni codice \u00e8 univoco \u00e8 pu\u00f2 essere utilizzato per un solo prodotto, dura un anno e fino ad esaurimento del lotto etichettato.<\/p>\n<p>Il codice \u00e8 un link che riporta ad una \u201cLandin Page\u201d dove saranno caricate le informazioni su quel prodotto, scheda tecnica, fotografia o video. Questo consente di amplificare le informazioni di legge stampate sulle etichette di, molte volte, a causa della normativa Europea, troppo riduttive e che non possono mettere in evidenza determinati parametri utili al consumatore per la scelta di un prodotto di qualit\u00e0.<\/p>\n<p>Nelle strade di accesso, saranno installati dei cartelli di benvenuto che ricordano l\u2019ingresso nel territorio, con il logo \u201cTeste of Sardinia\u201d e il nome della zona visitata, oltre ad un codice QR per il collegamento alle pagine del sito del territorio di riferimento.<\/p>\n<p>Negli ingressi delle attivit\u00e0 selezionate, per le loro peculiarit\u00e0, che rispondono a dei precisi requisiti di un \u201cGusto di Sardegna\u201d che si esprime nei sapori, nella genuinit\u00e0, nel rispetto delle tradizioni e nella bellezza dei luoghi, sar\u00e0 posizionato il logo di \u201cTaste of Sardinia\u201d<\/p>\n<p>con il rispettivo codice QR che rimander\u00e0 alle pagine del sito web.<\/p>\n<p>In punti di particolare interesse e intenso traffico turistico, saranno installati dei totem multimediali per la fruizione di informazioni turistiche ed enogastronomiche e sull\u2019artigianato artistico, anche con collegamenti a siti Istituzionali della Regione Sardegna.<\/p>\n<p>Sar\u00e0 allestito un camper service, con le grafiche del progetto editoriale \u201cTaste of Sardinia\u201d che far\u00e0 da base operativa nel visitare gli operatori nei vari territori e sar\u00e0 utilizzato poi come info point itinerante nei punti pi\u00f9 frequentati nel periodo estivo, per fornire informazioni e guide ai turisti.<\/p>\n<p>Con la collaborazione delle aziende dell\u2019agroalimentare e vinicolo, saranno possibili degustazioni street-food per catturare l\u2019attenzione dei turisti.<\/p>\n<p>Grandi schermi esterni ed interni proporranno immagini del territorio e delle specialit\u00e0 enogastronomiche. Corner touch-screen saranno a disposizione per le ricerche on-line Hostess multilingue saranno a disposizione degli stranieri per fornire informazioni e distribuire materiale promozionale.<\/p>\n<p>&nbsp;<\/p>\n","protected":false},"excerpt":{"rendered":"<p>&nbsp; Taste of Sardinia\u00a0\u00e8 una Associazione per la promozione dei prodotti agroalimentari, enogastronomici, del turismo lesure, business, enogastronomico,territoriale e culturale. Slide di presentazione Progetto\u00a0Guide Taste of Sardinia-A4 E&#8217; diviso in due azioni: la promozione dei prodotti agroalimentari e la promozione turistica territoriale con particolare attenzione al turismo enogastromomico. Il primo step per l&#8217;avvio del progetto<\/p>\n","protected":false},"author":1,"featured_media":0,"parent":259,"menu_order":0,"comment_status":"closed","ping_status":"closed","template":"page-fullwidth.php","meta":{"footnotes":""},"yoast_head":"<!-- This site is optimized with the Yoast SEO plugin v16.7 - https:\/\/yoast.com\/wordpress\/plugins\/seo\/ -->\n<title>IL Progetto TASTE OF SARDINIA - TASTE OF SARDINIA - Gusto di Sardegna<\/title>\n<meta name=\"robots\" content=\"index, follow, max-snippet:-1, max-image-preview:large, max-video-preview:-1\" \/>\n<link rel=\"canonical\" href=\"https:\/\/www.tasteofsardinia.it\/?page_id=569\" \/>\n<meta property=\"og:locale\" content=\"it_IT\" \/>\n<meta property=\"og:type\" content=\"article\" \/>\n<meta property=\"og:title\" content=\"IL Progetto TASTE OF SARDINIA - TASTE OF SARDINIA - Gusto di Sardegna\" \/>\n<meta property=\"og:description\" content=\"&nbsp; Taste of Sardinia\u00a0\u00e8 una Associazione per la promozione dei prodotti agroalimentari, enogastronomici, del turismo lesure, business, enogastronomico,territoriale e culturale. Slide di presentazione Progetto\u00a0Guide Taste of Sardinia-A4 E&#8217; diviso in due azioni: la promozione dei prodotti agroalimentari e la promozione turistica territoriale con particolare attenzione al turismo enogastromomico. Il primo step per l&#8217;avvio del progetto\" \/>\n<meta property=\"og:url\" content=\"https:\/\/www.tasteofsardinia.it\/?page_id=569\" \/>\n<meta property=\"og:site_name\" content=\"TASTE OF SARDINIA - Gusto di Sardegna\" \/>\n<meta property=\"article:modified_time\" content=\"2017-03-18T07:45:32+00:00\" \/>\n<meta name=\"twitter:card\" content=\"summary_large_image\" \/>\n<meta name=\"twitter:site\" content=\"@Tasteofsardinia\" \/>\n<meta name=\"twitter:label1\" content=\"Tempo di lettura stimato\" \/>\n\t<meta name=\"twitter:data1\" content=\"9 minuti\" \/>\n<script type=\"application\/ld+json\" class=\"yoast-schema-graph\">{\"@context\":\"https:\/\/schema.org\",\"@graph\":[{\"@type\":\"Organization\",\"@id\":\"https:\/\/www.tasteofsardinia.it\/#organization\",\"name\":\"TASTE O SARDINIA\",\"url\":\"https:\/\/www.tasteofsardinia.it\/\",\"sameAs\":[\"https:\/\/twitter.com\/Tasteofsardinia\"],\"logo\":{\"@type\":\"ImageObject\",\"@id\":\"https:\/\/www.tasteofsardinia.it\/#logo\",\"inLanguage\":\"it-IT\",\"url\":\"https:\/\/www.tasteofsardinia.it\/wp-content\/uploads\/2018\/01\/consegna-logo.png\",\"contentUrl\":\"https:\/\/www.tasteofsardinia.it\/wp-content\/uploads\/2018\/01\/consegna-logo.png\",\"width\":200,\"height\":190,\"caption\":\"TASTE O SARDINIA\"},\"image\":{\"@id\":\"https:\/\/www.tasteofsardinia.it\/#logo\"}},{\"@type\":\"WebSite\",\"@id\":\"https:\/\/www.tasteofsardinia.it\/#website\",\"url\":\"https:\/\/www.tasteofsardinia.it\/\",\"name\":\"TASTE OF SARDINIA - Gusto di Sardegna\",\"description\":\"Promozione del turismo enogastronomico e per la tutela dell&#039;identit\\u00e0 Territoriale dei prodotti agroalimentari e vinicoli. Programmazione e promozione Tours enogastronomici e culturali.  Marchio di Identit\\u00e0 Territoriale Registrazione \\u00ae n. 302016000035074\",\"publisher\":{\"@id\":\"https:\/\/www.tasteofsardinia.it\/#organization\"},\"potentialAction\":[{\"@type\":\"SearchAction\",\"target\":{\"@type\":\"EntryPoint\",\"urlTemplate\":\"https:\/\/www.tasteofsardinia.it\/?s={search_term_string}\"},\"query-input\":\"required name=search_term_string\"}],\"inLanguage\":\"it-IT\"},{\"@type\":\"WebPage\",\"@id\":\"https:\/\/www.tasteofsardinia.it\/?page_id=569#webpage\",\"url\":\"https:\/\/www.tasteofsardinia.it\/?page_id=569\",\"name\":\"IL Progetto TASTE OF SARDINIA - TASTE OF SARDINIA - Gusto di Sardegna\",\"isPartOf\":{\"@id\":\"https:\/\/www.tasteofsardinia.it\/#website\"},\"datePublished\":\"2016-06-15T18:13:56+00:00\",\"dateModified\":\"2017-03-18T07:45:32+00:00\",\"breadcrumb\":{\"@id\":\"https:\/\/www.tasteofsardinia.it\/?page_id=569#breadcrumb\"},\"inLanguage\":\"it-IT\",\"potentialAction\":[{\"@type\":\"ReadAction\",\"target\":[\"https:\/\/www.tasteofsardinia.it\/?page_id=569\"]}]},{\"@type\":\"BreadcrumbList\",\"@id\":\"https:\/\/www.tasteofsardinia.it\/?page_id=569#breadcrumb\",\"itemListElement\":[{\"@type\":\"ListItem\",\"position\":1,\"name\":\"Home\",\"item\":\"https:\/\/www.tasteofsardinia.it\/\"},{\"@type\":\"ListItem\",\"position\":2,\"name\":\"IL PROGETTO\",\"item\":\"https:\/\/www.tasteofsardinia.it\/?page_id=259\"},{\"@type\":\"ListItem\",\"position\":3,\"name\":\"IL Progetto TASTE OF SARDINIA\"}]}]}<\/script>\n<!-- \/ Yoast SEO plugin. -->","yoast_head_json":{"title":"IL Progetto TASTE OF SARDINIA - TASTE OF SARDINIA - Gusto di Sardegna","robots":{"index":"index","follow":"follow","max-snippet":"max-snippet:-1","max-image-preview":"max-image-preview:large","max-video-preview":"max-video-preview:-1"},"canonical":"https:\/\/www.tasteofsardinia.it\/?page_id=569","og_locale":"it_IT","og_type":"article","og_title":"IL Progetto TASTE OF SARDINIA - TASTE OF SARDINIA - Gusto di Sardegna","og_description":"&nbsp; Taste of Sardinia\u00a0\u00e8 una Associazione per la promozione dei prodotti agroalimentari, enogastronomici, del turismo lesure, business, enogastronomico,territoriale e culturale. Slide di presentazione Progetto\u00a0Guide Taste of Sardinia-A4 E&#8217; diviso in due azioni: la promozione dei prodotti agroalimentari e la promozione turistica territoriale con particolare attenzione al turismo enogastromomico. Il primo step per l&#8217;avvio del progetto","og_url":"https:\/\/www.tasteofsardinia.it\/?page_id=569","og_site_name":"TASTE OF SARDINIA - Gusto di Sardegna","article_modified_time":"2017-03-18T07:45:32+00:00","twitter_card":"summary_large_image","twitter_site":"@Tasteofsardinia","twitter_misc":{"Tempo di lettura stimato":"9 minuti"},"schema":{"@context":"https:\/\/schema.org","@graph":[{"@type":"Organization","@id":"https:\/\/www.tasteofsardinia.it\/#organization","name":"TASTE O SARDINIA","url":"https:\/\/www.tasteofsardinia.it\/","sameAs":["https:\/\/twitter.com\/Tasteofsardinia"],"logo":{"@type":"ImageObject","@id":"https:\/\/www.tasteofsardinia.it\/#logo","inLanguage":"it-IT","url":"https:\/\/www.tasteofsardinia.it\/wp-content\/uploads\/2018\/01\/consegna-logo.png","contentUrl":"https:\/\/www.tasteofsardinia.it\/wp-content\/uploads\/2018\/01\/consegna-logo.png","width":200,"height":190,"caption":"TASTE O SARDINIA"},"image":{"@id":"https:\/\/www.tasteofsardinia.it\/#logo"}},{"@type":"WebSite","@id":"https:\/\/www.tasteofsardinia.it\/#website","url":"https:\/\/www.tasteofsardinia.it\/","name":"TASTE OF SARDINIA - Gusto di Sardegna","description":"Promozione del turismo enogastronomico e per la tutela dell&#039;identit\u00e0 Territoriale dei prodotti agroalimentari e vinicoli. Programmazione e promozione Tours enogastronomici e culturali.  Marchio di Identit\u00e0 Territoriale Registrazione \u00ae n. 302016000035074","publisher":{"@id":"https:\/\/www.tasteofsardinia.it\/#organization"},"potentialAction":[{"@type":"SearchAction","target":{"@type":"EntryPoint","urlTemplate":"https:\/\/www.tasteofsardinia.it\/?s={search_term_string}"},"query-input":"required name=search_term_string"}],"inLanguage":"it-IT"},{"@type":"WebPage","@id":"https:\/\/www.tasteofsardinia.it\/?page_id=569#webpage","url":"https:\/\/www.tasteofsardinia.it\/?page_id=569","name":"IL Progetto TASTE OF SARDINIA - TASTE OF SARDINIA - Gusto di Sardegna","isPartOf":{"@id":"https:\/\/www.tasteofsardinia.it\/#website"},"datePublished":"2016-06-15T18:13:56+00:00","dateModified":"2017-03-18T07:45:32+00:00","breadcrumb":{"@id":"https:\/\/www.tasteofsardinia.it\/?page_id=569#breadcrumb"},"inLanguage":"it-IT","potentialAction":[{"@type":"ReadAction","target":["https:\/\/www.tasteofsardinia.it\/?page_id=569"]}]},{"@type":"BreadcrumbList","@id":"https:\/\/www.tasteofsardinia.it\/?page_id=569#breadcrumb","itemListElement":[{"@type":"ListItem","position":1,"name":"Home","item":"https:\/\/www.tasteofsardinia.it\/"},{"@type":"ListItem","position":2,"name":"IL PROGETTO","item":"https:\/\/www.tasteofsardinia.it\/?page_id=259"},{"@type":"ListItem","position":3,"name":"IL Progetto TASTE OF SARDINIA"}]}]}},"_links":{"self":[{"href":"https:\/\/www.tasteofsardinia.it\/index.php?rest_route=\/wp\/v2\/pages\/569"}],"collection":[{"href":"https:\/\/www.tasteofsardinia.it\/index.php?rest_route=\/wp\/v2\/pages"}],"about":[{"href":"https:\/\/www.tasteofsardinia.it\/index.php?rest_route=\/wp\/v2\/types\/page"}],"author":[{"embeddable":true,"href":"https:\/\/www.tasteofsardinia.it\/index.php?rest_route=\/wp\/v2\/users\/1"}],"replies":[{"embeddable":true,"href":"https:\/\/www.tasteofsardinia.it\/index.php?rest_route=%2Fwp%2Fv2%2Fcomments&post=569"}],"version-history":[{"count":11,"href":"https:\/\/www.tasteofsardinia.it\/index.php?rest_route=\/wp\/v2\/pages\/569\/revisions"}],"predecessor-version":[{"id":958,"href":"https:\/\/www.tasteofsardinia.it\/index.php?rest_route=\/wp\/v2\/pages\/569\/revisions\/958"}],"up":[{"embeddable":true,"href":"https:\/\/www.tasteofsardinia.it\/index.php?rest_route=\/wp\/v2\/pages\/259"}],"wp:attachment":[{"href":"https:\/\/www.tasteofsardinia.it\/index.php?rest_route=%2Fwp%2Fv2%2Fmedia&parent=569"}],"curies":[{"name":"wp","href":"https:\/\/api.w.org\/{rel}","templated":true}]}}